{"id":653,"date":"2018-08-30T04:49:18","date_gmt":"2018-08-30T04:49:18","guid":{"rendered":"https:\/\/blog.myogenlabs.com\/?page_id=653"},"modified":"2023-01-11T14:43:14","modified_gmt":"2023-01-11T14:43:14","slug":"disclaimer","status":"publish","type":"page","link":"https:\/\/anabolic-coach.com\/pt\/aviso-legal\/","title":{"rendered":"Isen\u00e7\u00e3o de responsabilidade"},"content":{"rendered":"<div class=\"banner-description\">\n<ul>\n<li>Os conte\u00fados deste site s\u00e3o apenas para fins informativos gerais e, de forma alguma, pretendem, direta ou indiretamente, solicitar, promover, induzir, influenciar, aconselhar ou recomendar qualquer pessoa a comprar, consumir ou usar qualquer um dos produtos listados no local na rede Internet.<\/li>\n<li>Este site pode conter informa\u00e7\u00f5es relacionadas a v\u00e1rias condi\u00e7\u00f5es m\u00e9dicas e de sa\u00fade e seu tratamento. Essas informa\u00e7\u00f5es s\u00e3o de natureza puramente geral e apenas para fins informativos.\u00a0<strong>As informa\u00e7\u00f5es fornecidas no site n\u00e3o devem ser substitu\u00eddas ou interpretadas como conselhos fornecidos por um m\u00e9dico ou profissional de sa\u00fade. SE VOC\u00ca TIVER UMA CONDI\u00c7\u00c3O M\u00c9DICA, CONSULTE IMEDIATAMENTE SEU PR\u00d3PRIO M\u00c9DICO OU PRESTADOR DE CUIDADOS DE SA\u00daDE.<\/strong><\/li>\n<li><strong>Voc\u00ea deve abster-se estrita e especificamente de tomar ou implementar quaisquer decis\u00f5es com base nas informa\u00e7\u00f5es e conte\u00fados fornecidos no site.<\/strong><\/li>\n<li>As informa\u00e7\u00f5es do produto neste site s\u00e3o destinadas apenas para fins de informa\u00e7\u00e3o geral. As informa\u00e7\u00f5es do produto n\u00e3o se destinam a fornecer informa\u00e7\u00f5es m\u00e9dicas completas sobre o produto. Voc\u00ea deve sempre obter informa\u00e7\u00f5es m\u00e9dicas completas sobre o produto (incluindo seu status legal, regulamentos, seus usos m\u00e9dicos ben\u00e9ficos e poss\u00edveis efeitos adversos, etc.) diretamente de seus m\u00e9dicos ou autoridades regulat\u00f3rias.<\/li>\n<li><strong>Nenhum produto m\u00e9dico deve ser comprado, consumido ou usado a menos que seja aconselhado e devidamente prescrito por um m\u00e9dico \/ m\u00e9dico \/ m\u00e9dico registrado em sua jurisdi\u00e7\u00e3o.<\/strong><\/li>\n<li>O consumo e o uso de quaisquer produtos m\u00e9dicos devem ser feitos estritamente sob a observa\u00e7\u00e3o, orienta\u00e7\u00e3o e supervis\u00e3o de apenas um m\u00e9dico registrado.<\/li>\n<li><strong>Voc\u00ea n\u00e3o deve interpretar nada no site como uma promo\u00e7\u00e3o ou solicita\u00e7\u00e3o de qualquer produto ou para o uso de qualquer produto que n\u00e3o seja autorizado pelas leis e regulamentos do pa\u00eds onde voc\u00ea est\u00e1 localizado.<\/strong><\/li>\n<li>Embora o site possa ser acessado em todo o mundo em geral, no entanto, \u00e9 especificamente esclarecido que este site n\u00e3o se destina a qualquer pessoa espec\u00edfica, grupo de pessoas, comunidade, ra\u00e7a, religi\u00e3o ou pessoas de qualquer jurisdi\u00e7\u00e3o espec\u00edfica. Qualquer refer\u00eancia a qualquer pessoa, comunidade, ra\u00e7a, religi\u00e3o, grupo de pessoas ou jurisdi\u00e7\u00e3o no site \u00e9 apenas para fins de refer\u00eancia e ilustra\u00e7\u00e3o apenas.<\/li>\n<li>Este Site pode conter informa\u00e7\u00f5es sobre produtos e servi\u00e7os em todo o mundo, nem todos dispon\u00edveis em todos os locais. Uma refer\u00eancia a um produto ou servi\u00e7o neste Site n\u00e3o significa que tal produto ou servi\u00e7o esteja ou estar\u00e1 dispon\u00edvel em sua localidade. Cada produto est\u00e1 sujeito a diferentes requisitos regulamentares e tem diferentes status legais, variando de pa\u00eds para pa\u00eds. Em algumas jurisdi\u00e7\u00f5es, alguns dos produtos tamb\u00e9m podem ser restritos.\u00a0<strong>O site nega especificamente e adverte que seu conte\u00fado \u00e9 estritamente\u00a0<u>n\u00e3o<\/u>\u00a0destinado a circula\u00e7\u00e3o, publica\u00e7\u00e3o ou visualiza\u00e7\u00e3o para os usu\u00e1rios das jurisdi\u00e7\u00f5es onde qualquer um dos produtos listados aqui s\u00e3o restritos<\/strong>. Como n\u00e3o \u00e9 vi\u00e1vel para o site fornecer informa\u00e7\u00f5es espec\u00edficas de cada pa\u00eds para cada produto listado, ser\u00e1 responsabilidade do usu\u00e1rio verificar e certificar-se de seus \u00f3rg\u00e3os reguladores oficiais, no que diz respeito ao status legal, aprova\u00e7\u00f5es regulat\u00f3rias, libera\u00e7\u00e3o, uso permitido de cada produto em sua respectiva jurisdi\u00e7\u00e3o. No caso de o produto ser restrito em sua jurisdi\u00e7\u00e3o, voc\u00ea deve abster-se estritamente de visualizar ou navegar o conte\u00fado deste site e deve fechar o site imediatamente.<\/li>\n<li>Links para sites de terceiros podem ser fornecidos para o interesse ou conveni\u00eancia dos visitantes deste Site. Os termos de uso e pol\u00edtica de privacidade do site de terceiros podem ser diferentes. O site n\u00e3o se responsabiliza por links nossos para outros e, em particular, o site n\u00e3o \u00e9 respons\u00e1vel pela exatid\u00e3o ou legalidade de seu conte\u00fado. O site n\u00e3o aceita qualquer responsabilidade derivada de uma viola\u00e7\u00e3o ou omiss\u00e3o nas pol\u00edticas de privacidade de terceiros.<\/li>\n<li>Este site \u00e9 apenas para informa\u00e7\u00e3o e uso n\u00e3o comercial. Voc\u00ea n\u00e3o pode usar este site para qualquer outro prop\u00f3sito, incluindo qualquer prop\u00f3sito comercial. Voc\u00ea n\u00e3o pode modificar, copiar, distribuir, exibir, enviar, executar, reproduzir, publicar, licenciar, criar trabalhos derivados, transferir ou vender qualquer informa\u00e7\u00e3o, conte\u00fado, software, produtos ou servi\u00e7os obtidos ou de outra forma conectados ao Site.<\/li>\n<li>O site renuncia a todas as representa\u00e7\u00f5es e garantias, expressas ou impl\u00edcitas, criadas por lei, contrato ou de outra forma, incluindo, sem limita\u00e7\u00e3o, quaisquer garantias de comercializa\u00e7\u00e3o, adequa\u00e7\u00e3o a uma finalidade espec\u00edfica, t\u00edtulo ou n\u00e3o viola\u00e7\u00e3o. em nenhum caso o site ser\u00e1 respons\u00e1vel por quaisquer danos de qualquer tipo ou natureza, incluindo, sem limita\u00e7\u00e3o, danos diretos, indiretos, especiais (incluindo lucros cessantes) conseq\u00fcentes ou incidentais decorrentes de ou em conex\u00e3o com a exist\u00eancia ou uso deste site e \/ ou as informa\u00e7\u00f5es ou conte\u00fados publicados neste site, independentemente de o site ter sido avisado sobre a possibilidade de tais danos.<\/li>\n<\/ul>\n<\/div>","protected":false},"excerpt":{"rendered":"<p>Os Conte\u00fados deste site, s\u00e3o apenas para fins informativos gerais, e de forma alguma, pretendem direta ou indiretamente solicitar, promover, induzir, influenciar, aconselhar ou recomendar qualquer pessoa a comprar, consumir ou usar qualquer um dos produtos listados no local na rede Internet. Este site pode conter informa\u00e7\u00f5es relacionadas a v\u00e1rias condi\u00e7\u00f5es m\u00e9dicas e de sa\u00fade [\u2026] <a class=\"g1-link g1-link-more\" href=\"https:\/\/anabolic-coach.com\/pt\/aviso-legal\/\">Mais<\/a><\/p>","protected":false},"author":3,"featured_media":0,"parent":0,"menu_order":0,"comment_status":"closed","ping_status":"closed","template":"g1-template-page-full.php","meta":{"footnotes":""},"class_list":["post-653","page","type-page","status-publish"],"yoast_head":"<!-- This site is optimized with the Yoast SEO plugin v25.0 - https:\/\/yoast.com\/wordpress\/plugins\/seo\/ -->\n<title>Disclaimer - Anabolic Coach<\/title>\n<meta name=\"robots\" content=\"noindex, nofollow\" \/>\n<meta property=\"og:locale\" content=\"pt_PT\" \/>\n<meta property=\"og:type\" content=\"article\" \/>\n<meta property=\"og:title\" content=\"Disclaimer - Anabolic Coach\" \/>\n<meta property=\"og:description\" content=\"The Contents of this website, are only for general informative purpose, and by no means, it intend to directly or indirectly solicit, promote, induce, influence, counsel or recommend any person to purchase, consume or use any of the products listed on the website. This site may contain information related to various health and medical conditions [&hellip;] More\" \/>\n<meta property=\"og:url\" content=\"https:\/\/anabolic-coach.com\/pt\/aviso-legal\/\" \/>\n<meta property=\"og:site_name\" content=\"Anabolic Coach\" \/>\n<meta property=\"article:modified_time\" content=\"2023-01-11T14:43:14+00:00\" \/>\n<meta name=\"twitter:card\" content=\"summary_large_image\" \/>\n<script type=\"application\/ld+json\" class=\"yoast-schema-graph\">{\"@context\":\"https:\/\/schema.org\",\"@graph\":[{\"@type\":\"WebPage\",\"@id\":\"https:\/\/anabolic-coach.com\/disclaimer\/\",\"url\":\"https:\/\/anabolic-coach.com\/disclaimer\/\",\"name\":\"Disclaimer - Anabolic Coach\",\"isPartOf\":{\"@id\":\"https:\/\/anabolic-coach.com\/#website\"},\"datePublished\":\"2018-08-30T04:49:18+00:00\",\"dateModified\":\"2023-01-11T14:43:14+00:00\",\"breadcrumb\":{\"@id\":\"https:\/\/anabolic-coach.com\/disclaimer\/#breadcrumb\"},\"inLanguage\":\"pt-PT\",\"potentialAction\":[{\"@type\":\"ReadAction\",\"target\":[\"https:\/\/anabolic-coach.com\/disclaimer\/\"]}]},{\"@type\":\"BreadcrumbList\",\"@id\":\"https:\/\/anabolic-coach.com\/disclaimer\/#breadcrumb\",\"itemListElement\":[{\"@type\":\"ListItem\",\"position\":1,\"name\":\"Home\",\"item\":\"https:\/\/anabolic-coach.com\/\"},{\"@type\":\"ListItem\",\"position\":2,\"name\":\"Disclaimer\"}]},{\"@type\":\"WebSite\",\"@id\":\"https:\/\/anabolic-coach.com\/#website\",\"url\":\"https:\/\/anabolic-coach.com\/\",\"name\":\"Anabolic Coach\",\"description\":\"Grow Stronger\",\"publisher\":{\"@id\":\"https:\/\/anabolic-coach.com\/#organization\"},\"potentialAction\":[{\"@type\":\"SearchAction\",\"target\":{\"@type\":\"EntryPoint\",\"urlTemplate\":\"https:\/\/anabolic-coach.com\/?s={search_term_string}\"},\"query-input\":{\"@type\":\"PropertyValueSpecification\",\"valueRequired\":true,\"valueName\":\"search_term_string\"}}],\"inLanguage\":\"pt-PT\"},{\"@type\":\"Organization\",\"@id\":\"https:\/\/anabolic-coach.com\/#organization\",\"name\":\"Anabolic Coach\",\"url\":\"https:\/\/anabolic-coach.com\/\",\"logo\":{\"@type\":\"ImageObject\",\"inLanguage\":\"pt-PT\",\"@id\":\"https:\/\/anabolic-coach.com\/#\/schema\/logo\/image\/\",\"url\":\"https:\/\/anabolic-coach.com\/wp-content\/uploads\/2021\/08\/logo-v1.png\",\"contentUrl\":\"https:\/\/anabolic-coach.com\/wp-content\/uploads\/2021\/08\/logo-v1.png\",\"width\":637,\"height\":138,\"caption\":\"Anabolic Coach\"},\"image\":{\"@id\":\"https:\/\/anabolic-coach.com\/#\/schema\/logo\/image\/\"}}]}<\/script>\n<!-- \/ Yoast SEO plugin. -->","yoast_head_json":{"title":"Disclaimer - Anabolic Coach","robots":{"index":"noindex","follow":"nofollow"},"og_locale":"pt_PT","og_type":"article","og_title":"Disclaimer - Anabolic Coach","og_description":"The Contents of this website, are only for general informative purpose, and by no means, it intend to directly or indirectly solicit, promote, induce, influence, counsel or recommend any person to purchase, consume or use any of the products listed on the website. This site may contain information related to various health and medical conditions [&hellip;] More","og_url":"https:\/\/anabolic-coach.com\/pt\/aviso-legal\/","og_site_name":"Anabolic Coach","article_modified_time":"2023-01-11T14:43:14+00:00","twitter_card":"summary_large_image","schema":{"@context":"https:\/\/schema.org","@graph":[{"@type":"WebPage","@id":"https:\/\/anabolic-coach.com\/disclaimer\/","url":"https:\/\/anabolic-coach.com\/disclaimer\/","name":"Disclaimer - Anabolic Coach","isPartOf":{"@id":"https:\/\/anabolic-coach.com\/#website"},"datePublished":"2018-08-30T04:49:18+00:00","dateModified":"2023-01-11T14:43:14+00:00","breadcrumb":{"@id":"https:\/\/anabolic-coach.com\/disclaimer\/#breadcrumb"},"inLanguage":"pt-PT","potentialAction":[{"@type":"ReadAction","target":["https:\/\/anabolic-coach.com\/disclaimer\/"]}]},{"@type":"BreadcrumbList","@id":"https:\/\/anabolic-coach.com\/disclaimer\/#breadcrumb","itemListElement":[{"@type":"ListItem","position":1,"name":"Home","item":"https:\/\/anabolic-coach.com\/"},{"@type":"ListItem","position":2,"name":"Disclaimer"}]},{"@type":"WebSite","@id":"https:\/\/anabolic-coach.com\/#website","url":"https:\/\/anabolic-coach.com\/","name":"Anabolic Coach","description":"Grow Stronger","publisher":{"@id":"https:\/\/anabolic-coach.com\/#organization"},"potentialAction":[{"@type":"SearchAction","target":{"@type":"EntryPoint","urlTemplate":"https:\/\/anabolic-coach.com\/?s={search_term_string}"},"query-input":{"@type":"PropertyValueSpecification","valueRequired":true,"valueName":"search_term_string"}}],"inLanguage":"pt-PT"},{"@type":"Organization","@id":"https:\/\/anabolic-coach.com\/#organization","name":"Anabolic Coach","url":"https:\/\/anabolic-coach.com\/","logo":{"@type":"ImageObject","inLanguage":"pt-PT","@id":"https:\/\/anabolic-coach.com\/#\/schema\/logo\/image\/","url":"https:\/\/anabolic-coach.com\/wp-content\/uploads\/2021\/08\/logo-v1.png","contentUrl":"https:\/\/anabolic-coach.com\/wp-content\/uploads\/2021\/08\/logo-v1.png","width":637,"height":138,"caption":"Anabolic Coach"},"image":{"@id":"https:\/\/anabolic-coach.com\/#\/schema\/logo\/image\/"}}]}},"_links":{"self":[{"href":"https:\/\/anabolic-coach.com\/pt\/wp-json\/wp\/v2\/pages\/653","targetHints":{"allow":["GET"]}}],"collection":[{"href":"https:\/\/anabolic-coach.com\/pt\/wp-json\/wp\/v2\/pages"}],"about":[{"href":"https:\/\/anabolic-coach.com\/pt\/wp-json\/wp\/v2\/types\/page"}],"author":[{"embeddable":true,"href":"https:\/\/anabolic-coach.com\/pt\/wp-json\/wp\/v2\/users\/3"}],"replies":[{"embeddable":true,"href":"https:\/\/anabolic-coach.com\/pt\/wp-json\/wp\/v2\/comments?post=653"}],"version-history":[{"count":0,"href":"https:\/\/anabolic-coach.com\/pt\/wp-json\/wp\/v2\/pages\/653\/revisions"}],"wp:attachment":[{"href":"https:\/\/anabolic-coach.com\/pt\/wp-json\/wp\/v2\/media?parent=653"}],"curies":[{"name":"wp","href":"https:\/\/api.w.org\/{rel}","templated":true}]}}