{"id":653,"date":"2018-08-30T04:49:18","date_gmt":"2018-08-30T04:49:18","guid":{"rendered":"https:\/\/blog.myogenlabs.com\/?page_id=653"},"modified":"2023-01-11T14:43:14","modified_gmt":"2023-01-11T14:43:14","slug":"disclaimer","status":"publish","type":"page","link":"https:\/\/anabolic-coach.com\/it\/disclaimer\/","title":{"rendered":"Disclaimer"},"content":{"rendered":"<div class=\"banner-description\">\n<ul>\n<li>I Contenuti di questo sito web, sono solo a scopo informativo generale e non intendono in alcun modo sollecitare, promuovere, indurre, influenzare, consigliare o consigliare direttamente o indirettamente qualsiasi persona all&#039;acquisto, al consumo o all&#039;uso di uno qualsiasi dei prodotti elencati sul sito web.<\/li>\n<li>Questo sito pu\u00f2 contenere informazioni relative a varie condizioni di salute e mediche e al loro trattamento. Tali informazioni sono di natura puramente generale e solo a scopo informativo.\u00a0<strong>Le informazioni fornite sul sito non devono essere sostituite o interpretate come consigli forniti da un medico o da un medico. IN CASO DI CONDIZIONI MEDICHE, RIVOLGERSI IMMEDIATAMENTE AL PROPRIO MEDICO MEDICO O AL SERVIZIO SANITARIO.<\/strong><\/li>\n<li><strong>L&#039;utente dovr\u00e0 astenersi rigorosamente e specificamente dal formare o attuare decisioni basate sulle informazioni e sui contenuti forniti nel sito.<\/strong><\/li>\n<li>Le informazioni sui prodotti su questo sito Web sono intese solo a scopo informativo generale. Le informazioni sul prodotto non intendono fornire informazioni mediche complete sul prodotto. Dovresti sempre ottenere informazioni mediche complete sul prodotto (compreso il suo stato legale, i regolamenti, i suoi usi medici benefici e i possibili effetti avversi e cos\u00ec via) direttamente dai tuoi medici o dalle autorit\u00e0 di regolamentazione.<\/li>\n<li><strong>Nessun prodotto medico deve essere acquistato, consumato o utilizzato a meno che non sia consigliato e debitamente prescritto da un medico\/medico\/medico registrato dalla propria giurisdizione.<\/strong><\/li>\n<li>Il consumo e l&#039;uso di qualsiasi prodotto medico devono essere effettuati rigorosamente sotto l&#039;osservazione, la guida e la supervisione di un medico registrato.<\/li>\n<li><strong>Non dovresti interpretare nulla sul sito come una promozione o una sollecitazione per qualsiasi prodotto o per l&#039;uso di qualsiasi prodotto che non sia autorizzato dalle leggi e dai regolamenti del paese in cui ti trovi.<\/strong><\/li>\n<li>Sebbene il sito Web possa essere valutabile in tutto il mondo in generale, tuttavia, viene specificamente chiarito che questo sito Web non \u00e8 destinato a prendere di mira persone, gruppi di persone, comunit\u00e0, razza, religioni o persone specifiche di una specifica giurisdizione. Qualsiasi riferimento a qualsiasi persona, comunit\u00e0, razza, religione, gruppo di persone o giurisdizione sul sito Web \u00e8 solo a scopo di riferimento e illustrativo.<\/li>\n<li>Questo Sito pu\u00f2 contenere informazioni su prodotti e servizi in tutto il mondo, non tutti disponibili in ogni luogo. Un riferimento a un prodotto o servizio su questo sito non implica che tale prodotto o servizio sia o sar\u00e0 disponibile nella tua posizione. Ogni prodotto \u00e8 soggetto a requisiti normativi diversi e ha uno status giuridico diverso che varia da paese a paese. In alcune giurisdizioni, anche alcuni prodotti potrebbero essere soggetti a restrizioni.\u00a0<strong>Il sito web declina espressamente e avverte che i suoi contenuti sono rigorosamente\u00a0<u>non<\/u>\u00a0destinato alla circolazione, pubblicazione o visualizzazione per gli utenti delle giurisdizioni in cui uno qualsiasi dei prodotti qui elencati \u00e8 limitato<\/strong>. Poich\u00e9 non \u00e8 possibile per il sito Web fornire informazioni specifiche per ogni paese per ciascun prodotto elencato, sar\u00e0 responsabilit\u00e0 dell&#039;utente verificare e accertare dai propri organismi di regolamentazione ufficiali, in merito allo stato legale, alle approvazioni normative, all&#039;autorizzazione, all&#039;uso consentito di ciascun prodotto nelle rispettive giurisdizioni. Nel caso in cui il prodotto sia soggetto a restrizioni nella tua giurisdizione, dovrai astenerti rigorosamente dal visualizzare o navigare nei contenuti di questo sito Web e chiudere immediatamente il sito Web.<\/li>\n<li>I collegamenti a siti di terze parti possono essere forniti per l&#039;interesse o la comodit\u00e0 dei visitatori di questo sito. I termini di utilizzo e la privacy policy del sito di terze parti potrebbero essere differenti. Il sito Web non si assume alcuna responsabilit\u00e0 per i collegamenti da noi ad altri e, in particolare, il sito Web non \u00e8 responsabile per l&#039;accuratezza o la legalit\u00e0 del contenuto. Il sito web declina ogni responsabilit\u00e0 derivante da una violazione o omissione nelle politiche sulla privacy di terzi.<\/li>\n<li>Questo sito Web \u00e8 solo a scopo informativo e non commerciale. Non puoi utilizzare questo sito per nessun altro scopo, incluso qualsiasi scopo commerciale. L&#039;utente non pu\u00f2 modificare, copiare, distribuire, visualizzare, inviare, eseguire, riprodurre, pubblicare, concedere in licenza, creare opere derivate, trasferire o vendere informazioni, contenuti, software, prodotti o servizi ottenuti o altrimenti collegati al Sito.<\/li>\n<li>Il sito web con la presente declina ogni dichiarazione e garanzia, espressa o implicita, creata per legge, contratto o altro, incluse, senza limitazioni, qualsiasi garanzia di commerciabilit\u00e0, idoneit\u00e0 per uno scopo particolare, titolo o non violazione. in nessun caso il sito Web sar\u00e0 responsabile per eventuali danni di qualsiasi tipo o natura, inclusi, senza limitazione, danni diretti, indiretti, speciali (inclusa la perdita di profitto) consequenziali o incidentali derivanti da o in connessione con l&#039;esistenza o l&#039;uso di questo sito e \/o le informazioni oi contenuti pubblicati su questo sito Web, indipendentemente dal fatto che il sito Web sia stato informato della possibilit\u00e0 di tali danni.<\/li>\n<\/ul>\n<\/div>","protected":false},"excerpt":{"rendered":"<p>I Contenuti di questo sito Web, sono solo a scopo informativo generale e non intendono in alcun modo sollecitare, promuovere, indurre, influenzare, consigliare o raccomandare direttamente o indirettamente qualsiasi persona ad acquistare, consumare o utilizzare uno qualsiasi dei prodotti elencati sito web. Questo sito pu\u00f2 contenere informazioni relative a varie condizioni di salute e mediche [\u2026] <a class=\"g1-link g1-link-more\" href=\"https:\/\/anabolic-coach.com\/it\/disclaimer\/\">Di pi\u00f9<\/a><\/p>","protected":false},"author":3,"featured_media":0,"parent":0,"menu_order":0,"comment_status":"closed","ping_status":"closed","template":"g1-template-page-full.php","meta":{"footnotes":""},"class_list":["post-653","page","type-page","status-publish"],"yoast_head":"<!-- This site is optimized with the Yoast SEO plugin v25.0 - https:\/\/yoast.com\/wordpress\/plugins\/seo\/ -->\n<title>Disclaimer - Anabolic Coach<\/title>\n<meta name=\"robots\" content=\"noindex, nofollow\" \/>\n<meta property=\"og:locale\" content=\"it_IT\" \/>\n<meta property=\"og:type\" content=\"article\" \/>\n<meta property=\"og:title\" content=\"Disclaimer - Anabolic Coach\" \/>\n<meta property=\"og:description\" content=\"The Contents of this website, are only for general informative purpose, and by no means, it intend to directly or indirectly solicit, promote, induce, influence, counsel or recommend any person to purchase, consume or use any of the products listed on the website. This site may contain information related to various health and medical conditions [&hellip;] More\" \/>\n<meta property=\"og:url\" content=\"https:\/\/anabolic-coach.com\/it\/disclaimer\/\" \/>\n<meta property=\"og:site_name\" content=\"Anabolic Coach\" \/>\n<meta property=\"article:modified_time\" content=\"2023-01-11T14:43:14+00:00\" \/>\n<meta name=\"twitter:card\" content=\"summary_large_image\" \/>\n<script type=\"application\/ld+json\" class=\"yoast-schema-graph\">{\"@context\":\"https:\/\/schema.org\",\"@graph\":[{\"@type\":\"WebPage\",\"@id\":\"https:\/\/anabolic-coach.com\/disclaimer\/\",\"url\":\"https:\/\/anabolic-coach.com\/disclaimer\/\",\"name\":\"Disclaimer - Anabolic Coach\",\"isPartOf\":{\"@id\":\"https:\/\/anabolic-coach.com\/#website\"},\"datePublished\":\"2018-08-30T04:49:18+00:00\",\"dateModified\":\"2023-01-11T14:43:14+00:00\",\"breadcrumb\":{\"@id\":\"https:\/\/anabolic-coach.com\/disclaimer\/#breadcrumb\"},\"inLanguage\":\"it-IT\",\"potentialAction\":[{\"@type\":\"ReadAction\",\"target\":[\"https:\/\/anabolic-coach.com\/disclaimer\/\"]}]},{\"@type\":\"BreadcrumbList\",\"@id\":\"https:\/\/anabolic-coach.com\/disclaimer\/#breadcrumb\",\"itemListElement\":[{\"@type\":\"ListItem\",\"position\":1,\"name\":\"Home\",\"item\":\"https:\/\/anabolic-coach.com\/\"},{\"@type\":\"ListItem\",\"position\":2,\"name\":\"Disclaimer\"}]},{\"@type\":\"WebSite\",\"@id\":\"https:\/\/anabolic-coach.com\/#website\",\"url\":\"https:\/\/anabolic-coach.com\/\",\"name\":\"Anabolic Coach\",\"description\":\"Grow Stronger\",\"publisher\":{\"@id\":\"https:\/\/anabolic-coach.com\/#organization\"},\"potentialAction\":[{\"@type\":\"SearchAction\",\"target\":{\"@type\":\"EntryPoint\",\"urlTemplate\":\"https:\/\/anabolic-coach.com\/?s={search_term_string}\"},\"query-input\":{\"@type\":\"PropertyValueSpecification\",\"valueRequired\":true,\"valueName\":\"search_term_string\"}}],\"inLanguage\":\"it-IT\"},{\"@type\":\"Organization\",\"@id\":\"https:\/\/anabolic-coach.com\/#organization\",\"name\":\"Anabolic Coach\",\"url\":\"https:\/\/anabolic-coach.com\/\",\"logo\":{\"@type\":\"ImageObject\",\"inLanguage\":\"it-IT\",\"@id\":\"https:\/\/anabolic-coach.com\/#\/schema\/logo\/image\/\",\"url\":\"https:\/\/anabolic-coach.com\/wp-content\/uploads\/2021\/08\/logo-v1.png\",\"contentUrl\":\"https:\/\/anabolic-coach.com\/wp-content\/uploads\/2021\/08\/logo-v1.png\",\"width\":637,\"height\":138,\"caption\":\"Anabolic Coach\"},\"image\":{\"@id\":\"https:\/\/anabolic-coach.com\/#\/schema\/logo\/image\/\"}}]}<\/script>\n<!-- \/ Yoast SEO plugin. -->","yoast_head_json":{"title":"Disclaimer - Anabolic Coach","robots":{"index":"noindex","follow":"nofollow"},"og_locale":"it_IT","og_type":"article","og_title":"Disclaimer - Anabolic Coach","og_description":"The Contents of this website, are only for general informative purpose, and by no means, it intend to directly or indirectly solicit, promote, induce, influence, counsel or recommend any person to purchase, consume or use any of the products listed on the website. This site may contain information related to various health and medical conditions [&hellip;] More","og_url":"https:\/\/anabolic-coach.com\/it\/disclaimer\/","og_site_name":"Anabolic Coach","article_modified_time":"2023-01-11T14:43:14+00:00","twitter_card":"summary_large_image","schema":{"@context":"https:\/\/schema.org","@graph":[{"@type":"WebPage","@id":"https:\/\/anabolic-coach.com\/disclaimer\/","url":"https:\/\/anabolic-coach.com\/disclaimer\/","name":"Disclaimer - Anabolic Coach","isPartOf":{"@id":"https:\/\/anabolic-coach.com\/#website"},"datePublished":"2018-08-30T04:49:18+00:00","dateModified":"2023-01-11T14:43:14+00:00","breadcrumb":{"@id":"https:\/\/anabolic-coach.com\/disclaimer\/#breadcrumb"},"inLanguage":"it-IT","potentialAction":[{"@type":"ReadAction","target":["https:\/\/anabolic-coach.com\/disclaimer\/"]}]},{"@type":"BreadcrumbList","@id":"https:\/\/anabolic-coach.com\/disclaimer\/#breadcrumb","itemListElement":[{"@type":"ListItem","position":1,"name":"Home","item":"https:\/\/anabolic-coach.com\/"},{"@type":"ListItem","position":2,"name":"Disclaimer"}]},{"@type":"WebSite","@id":"https:\/\/anabolic-coach.com\/#website","url":"https:\/\/anabolic-coach.com\/","name":"Anabolic Coach","description":"Grow Stronger","publisher":{"@id":"https:\/\/anabolic-coach.com\/#organization"},"potentialAction":[{"@type":"SearchAction","target":{"@type":"EntryPoint","urlTemplate":"https:\/\/anabolic-coach.com\/?s={search_term_string}"},"query-input":{"@type":"PropertyValueSpecification","valueRequired":true,"valueName":"search_term_string"}}],"inLanguage":"it-IT"},{"@type":"Organization","@id":"https:\/\/anabolic-coach.com\/#organization","name":"Anabolic Coach","url":"https:\/\/anabolic-coach.com\/","logo":{"@type":"ImageObject","inLanguage":"it-IT","@id":"https:\/\/anabolic-coach.com\/#\/schema\/logo\/image\/","url":"https:\/\/anabolic-coach.com\/wp-content\/uploads\/2021\/08\/logo-v1.png","contentUrl":"https:\/\/anabolic-coach.com\/wp-content\/uploads\/2021\/08\/logo-v1.png","width":637,"height":138,"caption":"Anabolic Coach"},"image":{"@id":"https:\/\/anabolic-coach.com\/#\/schema\/logo\/image\/"}}]}},"_links":{"self":[{"href":"https:\/\/anabolic-coach.com\/it\/wp-json\/wp\/v2\/pages\/653","targetHints":{"allow":["GET"]}}],"collection":[{"href":"https:\/\/anabolic-coach.com\/it\/wp-json\/wp\/v2\/pages"}],"about":[{"href":"https:\/\/anabolic-coach.com\/it\/wp-json\/wp\/v2\/types\/page"}],"author":[{"embeddable":true,"href":"https:\/\/anabolic-coach.com\/it\/wp-json\/wp\/v2\/users\/3"}],"replies":[{"embeddable":true,"href":"https:\/\/anabolic-coach.com\/it\/wp-json\/wp\/v2\/comments?post=653"}],"version-history":[{"count":0,"href":"https:\/\/anabolic-coach.com\/it\/wp-json\/wp\/v2\/pages\/653\/revisions"}],"wp:attachment":[{"href":"https:\/\/anabolic-coach.com\/it\/wp-json\/wp\/v2\/media?parent=653"}],"curies":[{"name":"wp","href":"https:\/\/api.w.org\/{rel}","templated":true}]}}