{"id":653,"date":"2018-08-30T04:49:18","date_gmt":"2018-08-30T04:49:18","guid":{"rendered":"https:\/\/blog.myogenlabs.com\/?page_id=653"},"modified":"2023-01-11T14:43:14","modified_gmt":"2023-01-11T14:43:14","slug":"disclaimer","status":"publish","type":"page","link":"https:\/\/anabolic-coach.com\/fr\/avertissement\/","title":{"rendered":"Avertissement"},"content":{"rendered":"<div class=\"banner-description\">\n<ul>\n<li>Le contenu de ce site Web est uniquement \u00e0 des fins d&#039;information g\u00e9n\u00e9rale et n&#039;a en aucun cas l&#039;intention de solliciter, promouvoir, induire, influencer, conseiller ou recommander directement ou indirectement \u00e0 toute personne d&#039;acheter, de consommer ou d&#039;utiliser l&#039;un des produits \u00e9num\u00e9r\u00e9s sur le site Internet.<\/li>\n<li>Ce site peut contenir des informations relatives \u00e0 diverses conditions de sant\u00e9 et m\u00e9dicales et \u00e0 leur traitement. Ces informations sont de nature purement g\u00e9n\u00e9rale et uniquement \u00e0 des fins d&#039;information.\u00a0<strong>Les informations fournies sur le site ne doivent pas \u00eatre substitu\u00e9es ou \u00eatre interpr\u00e9t\u00e9es comme des conseils fournis par un m\u00e9decin ou un praticien. SI VOUS AVEZ UNE CONDITION M\u00c9DICALE, CONSULTEZ IMM\u00c9DIATEMENT VOTRE PROPRE M\u00c9DECIN OU FOURNISSEUR DE SOINS DE SANT\u00c9.<\/strong><\/li>\n<li><strong>Vous vous abstiendrez strictement et sp\u00e9cifiquement de prendre ou de mettre en \u0153uvre des d\u00e9cisions sur la base des informations et contenus fournis sur le site.<\/strong><\/li>\n<li>Les informations sur les produits sur ce site Web sont uniquement destin\u00e9es \u00e0 des fins d&#039;information g\u00e9n\u00e9rale. Les informations sur le produit ne sont pas destin\u00e9es \u00e0 fournir des informations m\u00e9dicales compl\u00e8tes sur le produit. Vous devez toujours obtenir des informations m\u00e9dicales compl\u00e8tes sur le produit (y compris son statut juridique, ses r\u00e9glementations, ses utilisations m\u00e9dicales b\u00e9n\u00e9fiques et ses effets ind\u00e9sirables possibles, etc.) directement aupr\u00e8s de vos m\u00e9decins ou autorit\u00e9s de r\u00e9glementation.<\/li>\n<li><strong>Aucun produit m\u00e9dical ne doit \u00eatre achet\u00e9, consomm\u00e9 ou utilis\u00e9 \u00e0 moins qu&#039;il ne soit conseill\u00e9 et d\u00fbment prescrit par un m\u00e9decin agr\u00e9\u00e9 \/ m\u00e9decin \/ m\u00e9decin de votre juridiction.<\/strong><\/li>\n<li>La consommation et l&#039;utilisation de tout produit m\u00e9dical doivent \u00eatre effectu\u00e9es strictement sous l&#039;observation, les conseils et la supervision d&#039;un m\u00e9decin agr\u00e9\u00e9 uniquement.<\/li>\n<li><strong>Vous ne devez pas interpr\u00e9ter quoi que ce soit sur le site comme une promotion ou une sollicitation pour un produit ou pour l&#039;utilisation de tout produit qui n&#039;est pas autoris\u00e9 par les lois et r\u00e8glements du pays o\u00f9 vous vous trouvez.<\/strong><\/li>\n<li>Bien que le site Web puisse \u00eatre \u00e9valu\u00e9 dans le monde entier en g\u00e9n\u00e9ral, il est toutefois sp\u00e9cifiquement pr\u00e9cis\u00e9 que ce site Web n&#039;est pas destin\u00e9 \u00e0 cibler une personne, un groupe de personnes, une communaut\u00e9, une race, une religion ou des personnes d&#039;une juridiction sp\u00e9cifique. Toute r\u00e9f\u00e9rence \u00e0 une personne, une communaut\u00e9, une race, une religion, un groupe de personnes ou une juridiction sur le site Web est uniquement \u00e0 des fins de r\u00e9f\u00e9rence et d&#039;illustration.<\/li>\n<li>Ce site peut contenir des informations sur des produits et services dans le monde entier, qui ne sont pas tous disponibles dans chaque endroit. Une r\u00e9f\u00e9rence \u00e0 un produit ou service sur ce site n&#039;implique pas que ce produit ou service est ou sera disponible dans votre r\u00e9gion. Chaque produit est soumis \u00e0 des exigences r\u00e9glementaires diff\u00e9rentes et a un statut juridique diff\u00e9rent variant d&#039;un pays \u00e0 l&#039;autre. Dans certaines juridictions, certains produits peuvent \u00e9galement \u00eatre soumis \u00e0 des restrictions.\u00a0<strong>Le site Web d\u00e9cline et pr\u00e9vient sp\u00e9cifiquement que son contenu est strictement\u00a0<u>ne pas<\/u>\u00a0destin\u00e9 \u00e0 la circulation, \u00e0 la publication ou \u00e0 la visualisation pour les utilisateurs des juridictions o\u00f9 l&#039;un des produits \u00e9num\u00e9r\u00e9s dans le pr\u00e9sent document est restreint<\/strong>. Comme il n&#039;est pas possible pour le site Web de fournir des informations sp\u00e9cifiques \u00e0 chaque pays pour chaque produit r\u00e9pertori\u00e9, il incombe \u00e0 l&#039;utilisateur de v\u00e9rifier et de s&#039;assurer aupr\u00e8s de ses organismes de r\u00e9glementation officiels, concernant le statut juridique, les approbations r\u00e9glementaires, l&#039;autorisation, l&#039;utilisation autoris\u00e9e de chaque produit dans leur juridiction respective. Dans le cas o\u00f9 un produit serait restreint dans votre juridiction, vous vous abstiendrez strictement de consulter ou de parcourir le contenu de ce site Web et vous fermerez le site Web imm\u00e9diatement.<\/li>\n<li>Des liens vers des sites tiers peuvent \u00eatre fournis pour l&#039;int\u00e9r\u00eat ou la commodit\u00e9 des visiteurs de ce site. Les conditions d&#039;utilisation et la politique de confidentialit\u00e9 du site tiers peuvent \u00eatre diff\u00e9rentes. Le site Web n&#039;accepte aucune responsabilit\u00e9 pour les liens de notre part vers d&#039;autres, et en particulier le site Web n&#039;est pas responsable de l&#039;exactitude ou de la l\u00e9galit\u00e9 du contenu de celui-ci. Le site Web n&#039;accepte aucune responsabilit\u00e9 d\u00e9coulant d&#039;une violation ou d&#039;une omission dans les politiques de confidentialit\u00e9 de tiers.<\/li>\n<li>Ce site Web est uniquement \u00e0 des fins d&#039;information et \u00e0 des fins non commerciales. Vous ne pouvez pas utiliser ce site \u00e0 d&#039;autres fins, y compris \u00e0 des fins commerciales. Vous ne pouvez pas modifier, copier, distribuer, afficher, envoyer, ex\u00e9cuter, reproduire, publier, conc\u00e9der sous licence, cr\u00e9er des \u0153uvres d\u00e9riv\u00e9es, transf\u00e9rer ou vendre des informations, du contenu, des logiciels, des produits ou des services obtenus \u00e0 partir de ou autrement connect\u00e9s au Site.<\/li>\n<li>Le site Web d\u00e9cline par la pr\u00e9sente toutes les repr\u00e9sentations et garanties, expresses ou implicites, cr\u00e9\u00e9es par la loi, un contrat ou autre, y compris, sans limitation, toute garantie de qualit\u00e9 marchande, d&#039;ad\u00e9quation \u00e0 un usage particulier, de titre ou de non-contrefa\u00e7on. en aucun cas, le site Web ne pourra \u00eatre tenu responsable de tout dommage de quelque nature que ce soit, y compris, sans s&#039;y limiter, les dommages directs, indirects, sp\u00e9ciaux (y compris la perte de profit) cons\u00e9cutifs ou accessoires r\u00e9sultant de ou en relation avec l&#039;existence ou l&#039;utilisation de ce site et \/ou les informations ou le contenu affich\u00e9s sur ce site Web, que le site Web ait ou non \u00e9t\u00e9 inform\u00e9 de la possibilit\u00e9 de tels dommages.<\/li>\n<\/ul>\n<\/div>","protected":false},"excerpt":{"rendered":"<p>Le contenu de ce site Web est uniquement \u00e0 des fins d&#039;information g\u00e9n\u00e9rale et n&#039;a en aucun cas l&#039;intention de solliciter, promouvoir, inciter, influencer, conseiller ou recommander \u00e0 quiconque, directement ou indirectement, d&#039;acheter, de consommer ou d&#039;utiliser l&#039;un des produits r\u00e9pertori\u00e9s sur le site. site Internet. Ce site peut contenir des informations relatives \u00e0 diverses conditions de sant\u00e9 et m\u00e9dicales [\u2026] <a class=\"g1-link g1-link-more\" href=\"https:\/\/anabolic-coach.com\/fr\/avertissement\/\">Suite<\/a><\/p>","protected":false},"author":3,"featured_media":0,"parent":0,"menu_order":0,"comment_status":"closed","ping_status":"closed","template":"g1-template-page-full.php","meta":{"footnotes":""},"class_list":["post-653","page","type-page","status-publish"],"yoast_head":"<!-- This site is optimized with the Yoast SEO plugin v25.0 - https:\/\/yoast.com\/wordpress\/plugins\/seo\/ -->\n<title>Disclaimer - Anabolic Coach<\/title>\n<meta name=\"robots\" content=\"noindex, nofollow\" \/>\n<meta property=\"og:locale\" content=\"fr_FR\" \/>\n<meta property=\"og:type\" content=\"article\" \/>\n<meta property=\"og:title\" content=\"Disclaimer - Anabolic Coach\" \/>\n<meta property=\"og:description\" content=\"The Contents of this website, are only for general informative purpose, and by no means, it intend to directly or indirectly solicit, promote, induce, influence, counsel or recommend any person to purchase, consume or use any of the products listed on the website. This site may contain information related to various health and medical conditions [&hellip;] More\" \/>\n<meta property=\"og:url\" content=\"https:\/\/anabolic-coach.com\/fr\/avertissement\/\" \/>\n<meta property=\"og:site_name\" content=\"Anabolic Coach\" \/>\n<meta property=\"article:modified_time\" content=\"2023-01-11T14:43:14+00:00\" \/>\n<meta name=\"twitter:card\" content=\"summary_large_image\" \/>\n<script type=\"application\/ld+json\" class=\"yoast-schema-graph\">{\"@context\":\"https:\/\/schema.org\",\"@graph\":[{\"@type\":\"WebPage\",\"@id\":\"https:\/\/anabolic-coach.com\/disclaimer\/\",\"url\":\"https:\/\/anabolic-coach.com\/disclaimer\/\",\"name\":\"Disclaimer - Anabolic Coach\",\"isPartOf\":{\"@id\":\"https:\/\/anabolic-coach.com\/#website\"},\"datePublished\":\"2018-08-30T04:49:18+00:00\",\"dateModified\":\"2023-01-11T14:43:14+00:00\",\"breadcrumb\":{\"@id\":\"https:\/\/anabolic-coach.com\/disclaimer\/#breadcrumb\"},\"inLanguage\":\"fr-FR\",\"potentialAction\":[{\"@type\":\"ReadAction\",\"target\":[\"https:\/\/anabolic-coach.com\/disclaimer\/\"]}]},{\"@type\":\"BreadcrumbList\",\"@id\":\"https:\/\/anabolic-coach.com\/disclaimer\/#breadcrumb\",\"itemListElement\":[{\"@type\":\"ListItem\",\"position\":1,\"name\":\"Home\",\"item\":\"https:\/\/anabolic-coach.com\/\"},{\"@type\":\"ListItem\",\"position\":2,\"name\":\"Disclaimer\"}]},{\"@type\":\"WebSite\",\"@id\":\"https:\/\/anabolic-coach.com\/#website\",\"url\":\"https:\/\/anabolic-coach.com\/\",\"name\":\"Anabolic Coach\",\"description\":\"Grow Stronger\",\"publisher\":{\"@id\":\"https:\/\/anabolic-coach.com\/#organization\"},\"potentialAction\":[{\"@type\":\"SearchAction\",\"target\":{\"@type\":\"EntryPoint\",\"urlTemplate\":\"https:\/\/anabolic-coach.com\/?s={search_term_string}\"},\"query-input\":{\"@type\":\"PropertyValueSpecification\",\"valueRequired\":true,\"valueName\":\"search_term_string\"}}],\"inLanguage\":\"fr-FR\"},{\"@type\":\"Organization\",\"@id\":\"https:\/\/anabolic-coach.com\/#organization\",\"name\":\"Anabolic Coach\",\"url\":\"https:\/\/anabolic-coach.com\/\",\"logo\":{\"@type\":\"ImageObject\",\"inLanguage\":\"fr-FR\",\"@id\":\"https:\/\/anabolic-coach.com\/#\/schema\/logo\/image\/\",\"url\":\"https:\/\/anabolic-coach.com\/wp-content\/uploads\/2021\/08\/logo-v1.png\",\"contentUrl\":\"https:\/\/anabolic-coach.com\/wp-content\/uploads\/2021\/08\/logo-v1.png\",\"width\":637,\"height\":138,\"caption\":\"Anabolic Coach\"},\"image\":{\"@id\":\"https:\/\/anabolic-coach.com\/#\/schema\/logo\/image\/\"}}]}<\/script>\n<!-- \/ Yoast SEO plugin. -->","yoast_head_json":{"title":"Disclaimer - Anabolic Coach","robots":{"index":"noindex","follow":"nofollow"},"og_locale":"fr_FR","og_type":"article","og_title":"Disclaimer - Anabolic Coach","og_description":"The Contents of this website, are only for general informative purpose, and by no means, it intend to directly or indirectly solicit, promote, induce, influence, counsel or recommend any person to purchase, consume or use any of the products listed on the website. This site may contain information related to various health and medical conditions [&hellip;] More","og_url":"https:\/\/anabolic-coach.com\/fr\/avertissement\/","og_site_name":"Anabolic Coach","article_modified_time":"2023-01-11T14:43:14+00:00","twitter_card":"summary_large_image","schema":{"@context":"https:\/\/schema.org","@graph":[{"@type":"WebPage","@id":"https:\/\/anabolic-coach.com\/disclaimer\/","url":"https:\/\/anabolic-coach.com\/disclaimer\/","name":"Disclaimer - Anabolic Coach","isPartOf":{"@id":"https:\/\/anabolic-coach.com\/#website"},"datePublished":"2018-08-30T04:49:18+00:00","dateModified":"2023-01-11T14:43:14+00:00","breadcrumb":{"@id":"https:\/\/anabolic-coach.com\/disclaimer\/#breadcrumb"},"inLanguage":"fr-FR","potentialAction":[{"@type":"ReadAction","target":["https:\/\/anabolic-coach.com\/disclaimer\/"]}]},{"@type":"BreadcrumbList","@id":"https:\/\/anabolic-coach.com\/disclaimer\/#breadcrumb","itemListElement":[{"@type":"ListItem","position":1,"name":"Home","item":"https:\/\/anabolic-coach.com\/"},{"@type":"ListItem","position":2,"name":"Disclaimer"}]},{"@type":"WebSite","@id":"https:\/\/anabolic-coach.com\/#website","url":"https:\/\/anabolic-coach.com\/","name":"Anabolic Coach","description":"Grow Stronger","publisher":{"@id":"https:\/\/anabolic-coach.com\/#organization"},"potentialAction":[{"@type":"SearchAction","target":{"@type":"EntryPoint","urlTemplate":"https:\/\/anabolic-coach.com\/?s={search_term_string}"},"query-input":{"@type":"PropertyValueSpecification","valueRequired":true,"valueName":"search_term_string"}}],"inLanguage":"fr-FR"},{"@type":"Organization","@id":"https:\/\/anabolic-coach.com\/#organization","name":"Anabolic Coach","url":"https:\/\/anabolic-coach.com\/","logo":{"@type":"ImageObject","inLanguage":"fr-FR","@id":"https:\/\/anabolic-coach.com\/#\/schema\/logo\/image\/","url":"https:\/\/anabolic-coach.com\/wp-content\/uploads\/2021\/08\/logo-v1.png","contentUrl":"https:\/\/anabolic-coach.com\/wp-content\/uploads\/2021\/08\/logo-v1.png","width":637,"height":138,"caption":"Anabolic Coach"},"image":{"@id":"https:\/\/anabolic-coach.com\/#\/schema\/logo\/image\/"}}]}},"_links":{"self":[{"href":"https:\/\/anabolic-coach.com\/fr\/wp-json\/wp\/v2\/pages\/653","targetHints":{"allow":["GET"]}}],"collection":[{"href":"https:\/\/anabolic-coach.com\/fr\/wp-json\/wp\/v2\/pages"}],"about":[{"href":"https:\/\/anabolic-coach.com\/fr\/wp-json\/wp\/v2\/types\/page"}],"author":[{"embeddable":true,"href":"https:\/\/anabolic-coach.com\/fr\/wp-json\/wp\/v2\/users\/3"}],"replies":[{"embeddable":true,"href":"https:\/\/anabolic-coach.com\/fr\/wp-json\/wp\/v2\/comments?post=653"}],"version-history":[{"count":0,"href":"https:\/\/anabolic-coach.com\/fr\/wp-json\/wp\/v2\/pages\/653\/revisions"}],"wp:attachment":[{"href":"https:\/\/anabolic-coach.com\/fr\/wp-json\/wp\/v2\/media?parent=653"}],"curies":[{"name":"wp","href":"https:\/\/api.w.org\/{rel}","templated":true}]}}