{"id":1768,"date":"2022-10-17T04:54:46","date_gmt":"2022-10-17T04:54:46","guid":{"rendered":"https:\/\/anabolic-coach.com\/?page_id=1768"},"modified":"2026-01-09T13:13:25","modified_gmt":"2026-01-09T13:13:25","slug":"free-coaching","status":"publish","type":"page","link":"https:\/\/anabolic-coach.com\/fr\/coaching-gratuit\/","title":{"rendered":"Coaching gratuit"},"content":{"rendered":"<h2>B\u00e9n\u00e9ficiez gratuitement de conseils et d&#039;un coaching de cycle de st\u00e9ro\u00efdes sur mesure !<\/h2>\n<p>\u00c9vitez les erreurs courantes, choisissez les bons produits et cycles et protections, faites-vous conseiller par un PRO. Notre coach IFBB vous r\u00e9pondra sous 48h ouvr\u00e9es.<\/p>\n<p>&nbsp;<\/p>\n\n<div class=\"wpcf7 no-js\" id=\"wpcf7-f1769-o1\" lang=\"en-US\" dir=\"ltr\" data-wpcf7-id=\"1769\">\n<div class=\"screen-reader-response\"><p role=\"status\" aria-live=\"polite\" aria-atomic=\"true\"><\/p> <ul><\/ul><\/div>\n<form action=\"\/fr\/wp-json\/wp\/v2\/pages\/1768#wpcf7-f1769-o1\" method=\"post\" class=\"wpcf7-form init\" aria-label=\"Formulaire de contact\" enctype=\"multipart\/form-data\" novalidate=\"novalidate\" data-status=\"init\" data-trp-original-action=\"\/fr\/wp-json\/wp\/v2\/pages\/1768#wpcf7-f1769-o1\">\n<div style=\"display: none;\">\n<input type=\"hidden\" name=\"_wpcf7\" value=\"1769\" \/>\n<input type=\"hidden\" name=\"_wpcf7_version\" value=\"6.0.6\" \/>\n<input type=\"hidden\" name=\"_wpcf7_locale\" value=\"en_US\" \/>\n<input type=\"hidden\" name=\"_wpcf7_unit_tag\" value=\"wpcf7-f1769-o1\" \/>\n<input type=\"hidden\" name=\"_wpcf7_container_post\" value=\"0\" \/>\n<input type=\"hidden\" name=\"_wpcf7_posted_data_hash\" value=\"\" \/>\n<\/div>\n<p>Votre nom:<br \/>\n<span class=\"wpcf7-form-control-wrap\" data-name=\"your-name\"><input size=\"40\" maxlength=\"400\" class=\"wpcf7-form-control wpcf7-text wpcf7-validates-as-required\" aria-required=\"true\" aria-invalid=\"false\" placeholder=\"Nom*\" value=\"\" type=\"text\" name=\"your-name\" \/><\/span>\n<\/p>\n<p>Votre e-mail\u00a0:<br \/>\n<span class=\"wpcf7-form-control-wrap\" data-name=\"email\"><input size=\"40\" maxlength=\"400\" class=\"wpcf7-form-control wpcf7-email wpcf7-validates-as-required wpcf7-text wpcf7-validates-as-email\" aria-required=\"true\" aria-invalid=\"false\" placeholder=\"E-mail*\" value=\"\" type=\"email\" name=\"email\" \/><\/span>\n<\/p>\n<p>Votre poids*:<br \/>\n<span class=\"wpcf7-form-control-wrap\" data-name=\"weight\"><input size=\"40\" maxlength=\"400\" class=\"wpcf7-form-control wpcf7-text wpcf7-validates-as-required\" aria-required=\"true\" aria-invalid=\"false\" placeholder=\"Lester*\" value=\"\" type=\"text\" name=\"weight\" \/><\/span>\n<\/p>\n<p>Ton poids*:<br \/>\n<span class=\"wpcf7-form-control-wrap\" data-name=\"height\"><input size=\"40\" maxlength=\"400\" class=\"wpcf7-form-control wpcf7-text wpcf7-validates-as-required\" aria-required=\"true\" aria-invalid=\"false\" placeholder=\"Hauteur*\" value=\"\" type=\"text\" name=\"height\" \/><\/span>\n<\/p>\n<p>Quel \u00e2ge as-tu*:<br \/>\n<span class=\"wpcf7-form-control-wrap\" data-name=\"age\"><input size=\"40\" maxlength=\"400\" class=\"wpcf7-form-control wpcf7-text wpcf7-validates-as-required\" aria-required=\"true\" aria-invalid=\"false\" placeholder=\"\u00c2ge*\" value=\"\" type=\"text\" name=\"age\" \/><\/span>\n<\/p>\n<p>Votre sexe*:<br \/>\n<span class=\"wpcf7-form-control-wrap\" data-name=\"gender\"><input size=\"40\" maxlength=\"400\" class=\"wpcf7-form-control wpcf7-text wpcf7-validates-as-required\" aria-required=\"true\" aria-invalid=\"false\" placeholder=\"Le genre*\" value=\"\" type=\"text\" name=\"gender\" \/><\/span>\n<\/p>\n<p>Quels sont vos objectifs*:<br \/>\n<span class=\"wpcf7-form-control-wrap\" data-name=\"goals\"><input size=\"40\" maxlength=\"400\" class=\"wpcf7-form-control wpcf7-text wpcf7-validates-as-required\" aria-required=\"true\" aria-invalid=\"false\" placeholder=\"Vos objectifs*\" value=\"\" type=\"text\" name=\"goals\" \/><\/span>\n<\/p>\n<p>Combien d&#039;entra\u00eenements par semaine ?* :<br \/>\n<span class=\"wpcf7-form-control-wrap\" data-name=\"workouts\"><input size=\"40\" maxlength=\"400\" class=\"wpcf7-form-control wpcf7-text wpcf7-validates-as-required\" aria-required=\"true\" aria-invalid=\"false\" placeholder=\"Entra\u00eenements hebdomadaires*\" value=\"\" type=\"text\" name=\"workouts\" \/><\/span>\n<\/p>\n<p>Dans quel pays souhaitez-vous que les produits soient livr\u00e9s ?*<br \/>\n<span class=\"wpcf7-form-control-wrap\" data-name=\"country\"><input size=\"40\" maxlength=\"400\" class=\"wpcf7-form-control wpcf7-text wpcf7-validates-as-required\" aria-required=\"true\" aria-invalid=\"false\" placeholder=\"Pays*\" value=\"\" type=\"text\" name=\"country\" \/><\/span>\n<\/p>\n<p>Combien de cycles de st\u00e9ro\u00efdes avez-vous d\u00e9j\u00e0 fait auparavant*\u00a0:<br \/>\n<span class=\"wpcf7-form-control-wrap\" data-name=\"experience\"><input size=\"40\" maxlength=\"400\" class=\"wpcf7-form-control wpcf7-text wpcf7-validates-as-required\" aria-required=\"true\" aria-invalid=\"false\" placeholder=\"Cycles anabolisants effectu\u00e9s avant*\" value=\"\" type=\"text\" name=\"experience\" \/><\/span>\n<\/p>\n<p>Quels produits souhaitez-vous utiliser : st\u00e9ro\u00efdes oraux, st\u00e9ro\u00efdes injectables, HGH, Peptides, autres...* :<br \/>\n<span class=\"wpcf7-form-control-wrap\" data-name=\"productspreference\"><input size=\"40\" maxlength=\"400\" class=\"wpcf7-form-control wpcf7-text wpcf7-validates-as-required\" aria-required=\"true\" aria-invalid=\"false\" placeholder=\"Produits pr\u00e9f\u00e9r\u00e9s*\" value=\"\" type=\"text\" name=\"productspreference\" \/><\/span>\n<\/p>\n<p>Avez-vous des probl\u00e8mes de libido ?* :<br \/>\n<span class=\"wpcf7-form-control-wrap\" data-name=\"libido\"><input size=\"40\" maxlength=\"400\" class=\"wpcf7-form-control wpcf7-text wpcf7-validates-as-required\" aria-required=\"true\" aria-invalid=\"false\" placeholder=\"Probl\u00e8mes de libido\u00a0?*\" value=\"\" type=\"text\" name=\"libido\" \/><\/span>\n<\/p>\n<p>Quel est votre budget pour ce cycle ?* :<br \/>\n<span class=\"wpcf7-form-control-wrap\" data-name=\"budget\"><input size=\"40\" maxlength=\"400\" class=\"wpcf7-form-control wpcf7-text wpcf7-validates-as-required\" aria-required=\"true\" aria-invalid=\"false\" placeholder=\"Budget en $ ou EUR*\" value=\"\" type=\"text\" name=\"budget\" \/><\/span>\n<\/p>\n<p>Quand souhaitez-vous commencer votre cycle*\u00a0:<br \/>\n<span class=\"wpcf7-form-control-wrap\" data-name=\"startdate\"><input size=\"40\" maxlength=\"400\" class=\"wpcf7-form-control wpcf7-text wpcf7-validates-as-required\" aria-required=\"true\" aria-invalid=\"false\" placeholder=\"Quand commencer*\" value=\"\" type=\"text\" name=\"startdate\" \/><\/span>\n<\/p>\n<p>Vous pouvez nous envoyer votre photo (facultatif) :<br \/>\n<span class=\"wpcf7-form-control-wrap\" data-name=\"file-855\"><input size=\"40\" class=\"wpcf7-form-control wpcf7-file\" accept=\".jpg,.jpeg,.png,.gif\" aria-invalid=\"false\" type=\"file\" name=\"file-855\" \/><\/span>\n<\/p>\n<p><input class=\"wpcf7-form-control wpcf7-submit has-spinner btn-custom\" type=\"submit\" value=\"OBTENEZ MON CONSEIL GRATUIT !\" \/>\n<\/p><p style=\"display: none !important;\" class=\"akismet-fields-container\" data-prefix=\"_wpcf7_ak_\"><label>&#916;<textarea name=\"_wpcf7_ak_hp_textarea\" cols=\"45\" rows=\"8\" maxlength=\"100\"><\/textarea><\/label><input type=\"hidden\" id=\"ak_js_1\" name=\"_wpcf7_ak_js\" value=\"222\"\/><script>document.getElementById( \"ak_js_1\" ).setAttribute( \"value\", ( new Date() ).getTime() );<\/script><\/p><div class=\"wpcf7-response-output\" aria-hidden=\"true\"><\/div>\n<input type=\"hidden\" name=\"trp-form-language\" value=\"fr\"\/><\/form>\n<\/div>\n\n<p>&nbsp;<\/p>","protected":false},"excerpt":{"rendered":"<p>Obtenez gratuitement des conseils et un coaching personnalis\u00e9s pour vos cycles de st\u00e9ro\u00efdes\u00a0! \u00c9vitez les erreurs courantes, choisissez les produits, les cycles et les protections adapt\u00e9s, et b\u00e9n\u00e9ficiez des conseils d&#039;un professionnel. Notre coach IFBB vous r\u00e9pondra sous 48\u00a0h ouvrables. &nbsp; &nbsp; <a class=\"g1-link g1-link-more\" href=\"https:\/\/anabolic-coach.com\/fr\/coaching-gratuit\/\">Suite<\/a><\/p>","protected":false},"author":3,"featured_media":0,"parent":0,"menu_order":0,"comment_status":"closed","ping_status":"closed","template":"","meta":{"footnotes":""},"class_list":["post-1768","page","type-page","status-publish"],"yoast_head":"<!-- This site is optimized with the Yoast SEO plugin v25.0 - https:\/\/yoast.com\/wordpress\/plugins\/seo\/ -->\n<title>Free Coaching - Anabolic Coach<\/title>\n<meta name=\"description\" content=\"Avoid common steroids mistakes, choose the right products and cycles and protections, get advices by a PRO! Our IFBB coach will answer you in 48h.\" \/>\n<meta name=\"robots\" content=\"index, follow, max-snippet:-1, max-image-preview:large, max-video-preview:-1\" \/>\n<link rel=\"canonical\" href=\"https:\/\/anabolic-coach.com\/fr\/coaching-gratuit\/\" \/>\n<meta property=\"og:locale\" content=\"fr_FR\" \/>\n<meta property=\"og:type\" content=\"article\" \/>\n<meta property=\"og:title\" content=\"Free Coaching - Anabolic Coach\" \/>\n<meta property=\"og:description\" content=\"Avoid common steroids mistakes, choose the right products and cycles and protections, get advices by a PRO! Our IFBB coach will answer you in 48h.\" \/>\n<meta property=\"og:url\" content=\"https:\/\/anabolic-coach.com\/fr\/coaching-gratuit\/\" \/>\n<meta property=\"og:site_name\" content=\"Anabolic Coach\" \/>\n<meta property=\"article:modified_time\" content=\"2026-01-09T13:13:25+00:00\" \/>\n<meta name=\"twitter:card\" content=\"summary_large_image\" \/>\n<script type=\"application\/ld+json\" class=\"yoast-schema-graph\">{\"@context\":\"https:\/\/schema.org\",\"@graph\":[{\"@type\":\"WebPage\",\"@id\":\"https:\/\/anabolic-coach.com\/free-coaching\/\",\"url\":\"https:\/\/anabolic-coach.com\/free-coaching\/\",\"name\":\"Free Coaching - Anabolic Coach\",\"isPartOf\":{\"@id\":\"https:\/\/anabolic-coach.com\/#website\"},\"datePublished\":\"2022-10-17T04:54:46+00:00\",\"dateModified\":\"2026-01-09T13:13:25+00:00\",\"description\":\"Avoid common steroids mistakes, choose the right products and cycles and protections, get advices by a PRO! Our IFBB coach will answer you in 48h.\",\"breadcrumb\":{\"@id\":\"https:\/\/anabolic-coach.com\/free-coaching\/#breadcrumb\"},\"inLanguage\":\"fr-FR\",\"potentialAction\":[{\"@type\":\"ReadAction\",\"target\":[\"https:\/\/anabolic-coach.com\/free-coaching\/\"]}]},{\"@type\":\"BreadcrumbList\",\"@id\":\"https:\/\/anabolic-coach.com\/free-coaching\/#breadcrumb\",\"itemListElement\":[{\"@type\":\"ListItem\",\"position\":1,\"name\":\"Home\",\"item\":\"https:\/\/anabolic-coach.com\/\"},{\"@type\":\"ListItem\",\"position\":2,\"name\":\"Free Coaching\"}]},{\"@type\":\"WebSite\",\"@id\":\"https:\/\/anabolic-coach.com\/#website\",\"url\":\"https:\/\/anabolic-coach.com\/\",\"name\":\"Anabolic Coach\",\"description\":\"Grow Stronger\",\"publisher\":{\"@id\":\"https:\/\/anabolic-coach.com\/#organization\"},\"potentialAction\":[{\"@type\":\"SearchAction\",\"target\":{\"@type\":\"EntryPoint\",\"urlTemplate\":\"https:\/\/anabolic-coach.com\/?s={search_term_string}\"},\"query-input\":{\"@type\":\"PropertyValueSpecification\",\"valueRequired\":true,\"valueName\":\"search_term_string\"}}],\"inLanguage\":\"fr-FR\"},{\"@type\":\"Organization\",\"@id\":\"https:\/\/anabolic-coach.com\/#organization\",\"name\":\"Anabolic Coach\",\"url\":\"https:\/\/anabolic-coach.com\/\",\"logo\":{\"@type\":\"ImageObject\",\"inLanguage\":\"fr-FR\",\"@id\":\"https:\/\/anabolic-coach.com\/#\/schema\/logo\/image\/\",\"url\":\"https:\/\/anabolic-coach.com\/wp-content\/uploads\/2021\/08\/logo-v1.png\",\"contentUrl\":\"https:\/\/anabolic-coach.com\/wp-content\/uploads\/2021\/08\/logo-v1.png\",\"width\":637,\"height\":138,\"caption\":\"Anabolic Coach\"},\"image\":{\"@id\":\"https:\/\/anabolic-coach.com\/#\/schema\/logo\/image\/\"}}]}<\/script>\n<!-- \/ Yoast SEO plugin. -->","yoast_head_json":{"title":"Free Coaching - Anabolic Coach","description":"Avoid common steroids mistakes, choose the right products and cycles and protections, get advices by a PRO! Our IFBB coach will answer you in 48h.","robots":{"index":"index","follow":"follow","max-snippet":"max-snippet:-1","max-image-preview":"max-image-preview:large","max-video-preview":"max-video-preview:-1"},"canonical":"https:\/\/anabolic-coach.com\/fr\/coaching-gratuit\/","og_locale":"fr_FR","og_type":"article","og_title":"Free Coaching - Anabolic Coach","og_description":"Avoid common steroids mistakes, choose the right products and cycles and protections, get advices by a PRO! Our IFBB coach will answer you in 48h.","og_url":"https:\/\/anabolic-coach.com\/fr\/coaching-gratuit\/","og_site_name":"Anabolic Coach","article_modified_time":"2026-01-09T13:13:25+00:00","twitter_card":"summary_large_image","schema":{"@context":"https:\/\/schema.org","@graph":[{"@type":"WebPage","@id":"https:\/\/anabolic-coach.com\/free-coaching\/","url":"https:\/\/anabolic-coach.com\/free-coaching\/","name":"Free Coaching - Anabolic Coach","isPartOf":{"@id":"https:\/\/anabolic-coach.com\/#website"},"datePublished":"2022-10-17T04:54:46+00:00","dateModified":"2026-01-09T13:13:25+00:00","description":"Avoid common steroids mistakes, choose the right products and cycles and protections, get advices by a PRO! Our IFBB coach will answer you in 48h.","breadcrumb":{"@id":"https:\/\/anabolic-coach.com\/free-coaching\/#breadcrumb"},"inLanguage":"fr-FR","potentialAction":[{"@type":"ReadAction","target":["https:\/\/anabolic-coach.com\/free-coaching\/"]}]},{"@type":"BreadcrumbList","@id":"https:\/\/anabolic-coach.com\/free-coaching\/#breadcrumb","itemListElement":[{"@type":"ListItem","position":1,"name":"Home","item":"https:\/\/anabolic-coach.com\/"},{"@type":"ListItem","position":2,"name":"Free Coaching"}]},{"@type":"WebSite","@id":"https:\/\/anabolic-coach.com\/#website","url":"https:\/\/anabolic-coach.com\/","name":"Anabolic Coach","description":"Grow Stronger","publisher":{"@id":"https:\/\/anabolic-coach.com\/#organization"},"potentialAction":[{"@type":"SearchAction","target":{"@type":"EntryPoint","urlTemplate":"https:\/\/anabolic-coach.com\/?s={search_term_string}"},"query-input":{"@type":"PropertyValueSpecification","valueRequired":true,"valueName":"search_term_string"}}],"inLanguage":"fr-FR"},{"@type":"Organization","@id":"https:\/\/anabolic-coach.com\/#organization","name":"Anabolic Coach","url":"https:\/\/anabolic-coach.com\/","logo":{"@type":"ImageObject","inLanguage":"fr-FR","@id":"https:\/\/anabolic-coach.com\/#\/schema\/logo\/image\/","url":"https:\/\/anabolic-coach.com\/wp-content\/uploads\/2021\/08\/logo-v1.png","contentUrl":"https:\/\/anabolic-coach.com\/wp-content\/uploads\/2021\/08\/logo-v1.png","width":637,"height":138,"caption":"Anabolic Coach"},"image":{"@id":"https:\/\/anabolic-coach.com\/#\/schema\/logo\/image\/"}}]}},"_links":{"self":[{"href":"https:\/\/anabolic-coach.com\/fr\/wp-json\/wp\/v2\/pages\/1768","targetHints":{"allow":["GET"]}}],"collection":[{"href":"https:\/\/anabolic-coach.com\/fr\/wp-json\/wp\/v2\/pages"}],"about":[{"href":"https:\/\/anabolic-coach.com\/fr\/wp-json\/wp\/v2\/types\/page"}],"author":[{"embeddable":true,"href":"https:\/\/anabolic-coach.com\/fr\/wp-json\/wp\/v2\/users\/3"}],"replies":[{"embeddable":true,"href":"https:\/\/anabolic-coach.com\/fr\/wp-json\/wp\/v2\/comments?post=1768"}],"version-history":[{"count":1,"href":"https:\/\/anabolic-coach.com\/fr\/wp-json\/wp\/v2\/pages\/1768\/revisions"}],"predecessor-version":[{"id":4036,"href":"https:\/\/anabolic-coach.com\/fr\/wp-json\/wp\/v2\/pages\/1768\/revisions\/4036"}],"wp:attachment":[{"href":"https:\/\/anabolic-coach.com\/fr\/wp-json\/wp\/v2\/media?parent=1768"}],"curies":[{"name":"wp","href":"https:\/\/api.w.org\/{rel}","templated":true}]}}