{"id":653,"date":"2018-08-30T04:49:18","date_gmt":"2018-08-30T04:49:18","guid":{"rendered":"https:\/\/blog.myogenlabs.com\/?page_id=653"},"modified":"2023-01-11T14:43:14","modified_gmt":"2023-01-11T14:43:14","slug":"disclaimer","status":"publish","type":"page","link":"https:\/\/anabolic-coach.com\/es\/descargo-de-responsabilidad\/","title":{"rendered":"Descargo de responsabilidad"},"content":{"rendered":"<div class=\"banner-description\">\n<ul>\n<li>Los Contenidos de este sitio web, son solo para fines informativos generales, y de ninguna manera, tienen la intenci\u00f3n de solicitar, promover, inducir, influenciar, aconsejar o recomendar, directa o indirectamente, a cualquier persona para que compre, consuma o use cualquiera de los productos enumerados en el sitio web.<\/li>\n<li>Este sitio puede contener informaci\u00f3n relacionada con diversas condiciones m\u00e9dicas y de salud y su tratamiento. Dicha informaci\u00f3n es de naturaleza puramente general y solo con fines informativos.\u00a0<strong>La informaci\u00f3n proporcionada en el sitio no debe ser sustituida ni debe interpretarse como un consejo proporcionado por un m\u00e9dico o un m\u00e9dico. SI USTED TIENE UNA CONDICI\u00d3N M\u00c9DICA, CONSULTE INMEDIATAMENTE A SU PROPIO M\u00c9DICO O PROVEEDOR DE ATENCI\u00d3N M\u00c9DICA.<\/strong><\/li>\n<li><strong>Deber\u00e1 abstenerse estricta y espec\u00edficamente de tomar o implementar cualquier decisi\u00f3n basada en la informaci\u00f3n y los contenidos proporcionados en el sitio.<\/strong><\/li>\n<li>La informaci\u00f3n del producto en este sitio web est\u00e1 destinada \u00fanicamente a fines de informaci\u00f3n general. La informaci\u00f3n del producto no est\u00e1 destinada a proporcionar informaci\u00f3n m\u00e9dica completa sobre el producto. Siempre debe obtener informaci\u00f3n m\u00e9dica completa sobre el producto (incluido su estado legal, regulaciones, sus usos m\u00e9dicos beneficiosos y posibles efectos adversos, etc.) directamente de sus m\u00e9dicos o autoridades reguladoras.<\/li>\n<li><strong>No se comprar\u00e1, consumir\u00e1 o utilizar\u00e1 ning\u00fan producto m\u00e9dico a menos que sea aconsejado y debidamente prescrito por un m\u00e9dico \/ m\u00e9dico \/ m\u00e9dico registrado de su jurisdicci\u00f3n.<\/strong><\/li>\n<li>El consumo y uso de cualquier producto m\u00e9dico debe realizarse estrictamente bajo la observaci\u00f3n, orientaci\u00f3n y supervisi\u00f3n de un m\u00e9dico registrado \u00fanicamente.<\/li>\n<li><strong>No debe interpretar nada en el sitio como una promoci\u00f3n o solicitud de ning\u00fan producto o para el uso de ning\u00fan producto que no est\u00e9 autorizado por las leyes y regulaciones del pa\u00eds donde se encuentra.<\/strong><\/li>\n<li>Aunque el sitio web puede evaluarse en todo el mundo en general, sin embargo, se aclara espec\u00edficamente que este sitio web no est\u00e1 destinado a ninguna persona, grupo de personas, comunidad, raza, religi\u00f3n o personas espec\u00edficas de ninguna jurisdicci\u00f3n espec\u00edfica. Cualquier referencia a cualquier persona, comunidad, raza, religi\u00f3n, grupo de personas o jurisdicci\u00f3n en el sitio web es solo para fines de referencia e ilustraci\u00f3n.<\/li>\n<li>Este sitio puede contener informaci\u00f3n sobre productos y servicios en todo el mundo, no todos los cuales est\u00e1n disponibles en todas las ubicaciones. Una referencia a un producto o servicio en este Sitio no implica que dicho producto o servicio est\u00e9 o estar\u00e1 disponible en su ubicaci\u00f3n. Cada producto est\u00e1 sujeto a diferentes requisitos reglamentarios y tiene un estatus legal diferente que var\u00eda de un pa\u00eds a otro. En algunas jurisdicciones, parte del producto tambi\u00e9n puede estar restringido.\u00a0<strong>El sitio web espec\u00edficamente niega y advierte que su contenido es estrictamente\u00a0<u>no<\/u>\u00a0destinado a la circulaci\u00f3n, publicaci\u00f3n o visualizaci\u00f3n para los usuarios de las jurisdicciones donde cualquiera de los productos enumerados en este documento est\u00e1 restringido<\/strong>. Como no es factible que el sitio web proporcione informaci\u00f3n espec\u00edfica de cada pa\u00eds para cada producto listado, ser\u00e1 responsabilidad del usuario verificar y determinar con sus organismos reguladores oficiales, con respecto al estado legal, aprobaciones regulatorias, autorizaci\u00f3n, uso permitido de cada producto en su respectiva jurisdicci\u00f3n. En el caso de que el producto est\u00e9 restringido en su jurisdicci\u00f3n, deber\u00e1 abstenerse estrictamente de ver o navegar por el contenido de este sitio web y cerrar\u00e1 el sitio web de inmediato.<\/li>\n<li>Se pueden proporcionar enlaces a sitios de terceros para el inter\u00e9s o la conveniencia de los visitantes de este Sitio. Los t\u00e9rminos de uso y la pol\u00edtica de privacidad del sitio de terceros pueden ser diferentes. El sitio web no acepta ninguna responsabilidad por los enlaces de nosotros a otros y, en particular, el sitio web no es responsable de la exactitud o legalidad del contenido del mismo. El sitio web no asume ninguna responsabilidad derivada del incumplimiento u omisi\u00f3n de las pol\u00edticas de privacidad de terceros.<\/li>\n<li>Este sitio web es solo para uso informativo y no comercial. No puede utilizar este sitio para ning\u00fan otro prop\u00f3sito, incluido cualquier prop\u00f3sito comercial. No puede modificar, copiar, distribuir, mostrar, enviar, ejecutar, reproducir, publicar, licenciar, crear trabajos derivados, transferir o vender cualquier informaci\u00f3n, contenido, software, productos o servicios obtenidos o conectados de alguna otra manera al Sitio.<\/li>\n<li>Por la presente, el sitio web renuncia a todas las representaciones y garant\u00edas, ya sean expresas o impl\u00edcitas, creadas por ley, contrato o de otro modo, incluidas, entre otras, cualquier garant\u00eda de comerciabilidad, idoneidad para un prop\u00f3sito particular, t\u00edtulo o no infracci\u00f3n. en ning\u00fan caso el sitio web ser\u00e1 responsable de los da\u00f1os de cualquier tipo o naturaleza, incluidos, entre otros, los da\u00f1os directos, indirectos, especiales (incluida la p\u00e9rdida de ganancias) consecuentes o incidentales que surjan de o en conexi\u00f3n con la existencia o el uso de este sitio y \/ o la informaci\u00f3n o el contenido publicado en este sitio web, independientemente de si el sitio web ha sido informado sobre la posibilidad de tales da\u00f1os.<\/li>\n<\/ul>\n<\/div>","protected":false},"excerpt":{"rendered":"<p>Los Contenidos de este sitio web tienen \u00fanicamente fines informativos generales y de ninguna manera pretenden, directa o indirectamente, solicitar, promover, inducir, influenciar, aconsejar o recomendar a cualquier persona a comprar, consumir o usar cualquiera de los productos enumerados en el sitio web. Este sitio puede contener informaci\u00f3n relacionada con diversas condiciones m\u00e9dicas y de salud [\u2026] <a class=\"g1-link g1-link-more\" href=\"https:\/\/anabolic-coach.com\/es\/descargo-de-responsabilidad\/\">M\u00e1s<\/a><\/p>","protected":false},"author":3,"featured_media":0,"parent":0,"menu_order":0,"comment_status":"closed","ping_status":"closed","template":"g1-template-page-full.php","meta":{"footnotes":""},"class_list":["post-653","page","type-page","status-publish"],"yoast_head":"<!-- This site is optimized with the Yoast SEO plugin v25.0 - https:\/\/yoast.com\/wordpress\/plugins\/seo\/ -->\n<title>Disclaimer - Anabolic Coach<\/title>\n<meta name=\"robots\" content=\"noindex, nofollow\" \/>\n<meta property=\"og:locale\" content=\"es_ES\" \/>\n<meta property=\"og:type\" content=\"article\" \/>\n<meta property=\"og:title\" content=\"Disclaimer - Anabolic Coach\" \/>\n<meta property=\"og:description\" content=\"The Contents of this website, are only for general informative purpose, and by no means, it intend to directly or indirectly solicit, promote, induce, influence, counsel or recommend any person to purchase, consume or use any of the products listed on the website. This site may contain information related to various health and medical conditions [&hellip;] More\" \/>\n<meta property=\"og:url\" content=\"https:\/\/anabolic-coach.com\/es\/descargo-de-responsabilidad\/\" \/>\n<meta property=\"og:site_name\" content=\"Anabolic Coach\" \/>\n<meta property=\"article:modified_time\" content=\"2023-01-11T14:43:14+00:00\" \/>\n<meta name=\"twitter:card\" content=\"summary_large_image\" \/>\n<script type=\"application\/ld+json\" class=\"yoast-schema-graph\">{\"@context\":\"https:\/\/schema.org\",\"@graph\":[{\"@type\":\"WebPage\",\"@id\":\"https:\/\/anabolic-coach.com\/disclaimer\/\",\"url\":\"https:\/\/anabolic-coach.com\/disclaimer\/\",\"name\":\"Disclaimer - Anabolic Coach\",\"isPartOf\":{\"@id\":\"https:\/\/anabolic-coach.com\/#website\"},\"datePublished\":\"2018-08-30T04:49:18+00:00\",\"dateModified\":\"2023-01-11T14:43:14+00:00\",\"breadcrumb\":{\"@id\":\"https:\/\/anabolic-coach.com\/disclaimer\/#breadcrumb\"},\"inLanguage\":\"es\",\"potentialAction\":[{\"@type\":\"ReadAction\",\"target\":[\"https:\/\/anabolic-coach.com\/disclaimer\/\"]}]},{\"@type\":\"BreadcrumbList\",\"@id\":\"https:\/\/anabolic-coach.com\/disclaimer\/#breadcrumb\",\"itemListElement\":[{\"@type\":\"ListItem\",\"position\":1,\"name\":\"Home\",\"item\":\"https:\/\/anabolic-coach.com\/\"},{\"@type\":\"ListItem\",\"position\":2,\"name\":\"Disclaimer\"}]},{\"@type\":\"WebSite\",\"@id\":\"https:\/\/anabolic-coach.com\/#website\",\"url\":\"https:\/\/anabolic-coach.com\/\",\"name\":\"Anabolic Coach\",\"description\":\"Grow Stronger\",\"publisher\":{\"@id\":\"https:\/\/anabolic-coach.com\/#organization\"},\"potentialAction\":[{\"@type\":\"SearchAction\",\"target\":{\"@type\":\"EntryPoint\",\"urlTemplate\":\"https:\/\/anabolic-coach.com\/?s={search_term_string}\"},\"query-input\":{\"@type\":\"PropertyValueSpecification\",\"valueRequired\":true,\"valueName\":\"search_term_string\"}}],\"inLanguage\":\"es\"},{\"@type\":\"Organization\",\"@id\":\"https:\/\/anabolic-coach.com\/#organization\",\"name\":\"Anabolic Coach\",\"url\":\"https:\/\/anabolic-coach.com\/\",\"logo\":{\"@type\":\"ImageObject\",\"inLanguage\":\"es\",\"@id\":\"https:\/\/anabolic-coach.com\/#\/schema\/logo\/image\/\",\"url\":\"https:\/\/anabolic-coach.com\/wp-content\/uploads\/2021\/08\/logo-v1.png\",\"contentUrl\":\"https:\/\/anabolic-coach.com\/wp-content\/uploads\/2021\/08\/logo-v1.png\",\"width\":637,\"height\":138,\"caption\":\"Anabolic Coach\"},\"image\":{\"@id\":\"https:\/\/anabolic-coach.com\/#\/schema\/logo\/image\/\"}}]}<\/script>\n<!-- \/ Yoast SEO plugin. -->","yoast_head_json":{"title":"Disclaimer - Anabolic Coach","robots":{"index":"noindex","follow":"nofollow"},"og_locale":"es_ES","og_type":"article","og_title":"Disclaimer - Anabolic Coach","og_description":"The Contents of this website, are only for general informative purpose, and by no means, it intend to directly or indirectly solicit, promote, induce, influence, counsel or recommend any person to purchase, consume or use any of the products listed on the website. This site may contain information related to various health and medical conditions [&hellip;] More","og_url":"https:\/\/anabolic-coach.com\/es\/descargo-de-responsabilidad\/","og_site_name":"Anabolic Coach","article_modified_time":"2023-01-11T14:43:14+00:00","twitter_card":"summary_large_image","schema":{"@context":"https:\/\/schema.org","@graph":[{"@type":"WebPage","@id":"https:\/\/anabolic-coach.com\/disclaimer\/","url":"https:\/\/anabolic-coach.com\/disclaimer\/","name":"Disclaimer - Anabolic Coach","isPartOf":{"@id":"https:\/\/anabolic-coach.com\/#website"},"datePublished":"2018-08-30T04:49:18+00:00","dateModified":"2023-01-11T14:43:14+00:00","breadcrumb":{"@id":"https:\/\/anabolic-coach.com\/disclaimer\/#breadcrumb"},"inLanguage":"es","potentialAction":[{"@type":"ReadAction","target":["https:\/\/anabolic-coach.com\/disclaimer\/"]}]},{"@type":"BreadcrumbList","@id":"https:\/\/anabolic-coach.com\/disclaimer\/#breadcrumb","itemListElement":[{"@type":"ListItem","position":1,"name":"Home","item":"https:\/\/anabolic-coach.com\/"},{"@type":"ListItem","position":2,"name":"Disclaimer"}]},{"@type":"WebSite","@id":"https:\/\/anabolic-coach.com\/#website","url":"https:\/\/anabolic-coach.com\/","name":"Anabolic Coach","description":"Grow Stronger","publisher":{"@id":"https:\/\/anabolic-coach.com\/#organization"},"potentialAction":[{"@type":"SearchAction","target":{"@type":"EntryPoint","urlTemplate":"https:\/\/anabolic-coach.com\/?s={search_term_string}"},"query-input":{"@type":"PropertyValueSpecification","valueRequired":true,"valueName":"search_term_string"}}],"inLanguage":"es"},{"@type":"Organization","@id":"https:\/\/anabolic-coach.com\/#organization","name":"Anabolic Coach","url":"https:\/\/anabolic-coach.com\/","logo":{"@type":"ImageObject","inLanguage":"es","@id":"https:\/\/anabolic-coach.com\/#\/schema\/logo\/image\/","url":"https:\/\/anabolic-coach.com\/wp-content\/uploads\/2021\/08\/logo-v1.png","contentUrl":"https:\/\/anabolic-coach.com\/wp-content\/uploads\/2021\/08\/logo-v1.png","width":637,"height":138,"caption":"Anabolic Coach"},"image":{"@id":"https:\/\/anabolic-coach.com\/#\/schema\/logo\/image\/"}}]}},"_links":{"self":[{"href":"https:\/\/anabolic-coach.com\/es\/wp-json\/wp\/v2\/pages\/653","targetHints":{"allow":["GET"]}}],"collection":[{"href":"https:\/\/anabolic-coach.com\/es\/wp-json\/wp\/v2\/pages"}],"about":[{"href":"https:\/\/anabolic-coach.com\/es\/wp-json\/wp\/v2\/types\/page"}],"author":[{"embeddable":true,"href":"https:\/\/anabolic-coach.com\/es\/wp-json\/wp\/v2\/users\/3"}],"replies":[{"embeddable":true,"href":"https:\/\/anabolic-coach.com\/es\/wp-json\/wp\/v2\/comments?post=653"}],"version-history":[{"count":0,"href":"https:\/\/anabolic-coach.com\/es\/wp-json\/wp\/v2\/pages\/653\/revisions"}],"wp:attachment":[{"href":"https:\/\/anabolic-coach.com\/es\/wp-json\/wp\/v2\/media?parent=653"}],"curies":[{"name":"wp","href":"https:\/\/api.w.org\/{rel}","templated":true}]}}