{"id":653,"date":"2018-08-30T04:49:18","date_gmt":"2018-08-30T04:49:18","guid":{"rendered":"https:\/\/blog.myogenlabs.com\/?page_id=653"},"modified":"2023-01-11T14:43:14","modified_gmt":"2023-01-11T14:43:14","slug":"disclaimer","status":"publish","type":"page","link":"https:\/\/anabolic-coach.com\/de\/haftungsausschluss\/","title":{"rendered":"Haftungsausschluss"},"content":{"rendered":"<div class=\"banner-description\">\n<ul>\n<li>Die Inhalte dieser Website dienen nur zu allgemeinen Informationszwecken und beabsichtigen in keiner Weise, Personen direkt oder indirekt zum Kauf, Konsum oder zur Verwendung der auf der Webseite.<\/li>\n<li>Diese Website kann Informationen zu verschiedenen Gesundheits- und Krankheitszust\u00e4nden und deren Behandlung enthalten. Diese Informationen sind rein allgemeiner Natur und dienen nur zu Informationszwecken.\u00a0<strong>Die auf der Website bereitgestellten Informationen sind nicht zu ersetzen oder als Ratschl\u00e4ge eines Arztes oder Heilpraktikers auszulegen. SOLLTEN SIE EINEN MEDIZINISCHEN ZUSTAND HABEN, SUCHEN SIE SOFORT IHREN EIGENEN ARZT ODER GESUNDHEITSANBIETER AUF.<\/strong><\/li>\n<li><strong>Sie werden es strikt und ausdr\u00fccklich unterlassen, Entscheidungen auf der Grundlage der auf der Website bereitgestellten Informationen und Inhalte zu treffen oder umzusetzen.<\/strong><\/li>\n<li>Die Produktinformationen auf dieser Website dienen ausschlie\u00dflich allgemeinen Informationszwecken. Die Produktinformation ist nicht dazu gedacht, vollst\u00e4ndige medizinische Informationen \u00fcber das Produkt bereitzustellen. Sie sollten immer vollst\u00e4ndige medizinische Informationen \u00fcber das Produkt (einschlie\u00dflich seines Rechtsstatus, der Vorschriften, seiner n\u00fctzlichen medizinischen Verwendungen und m\u00f6glicher Nebenwirkungen usw.) direkt von Ihren \u00c4rzten oder Aufsichtsbeh\u00f6rden einholen.<\/li>\n<li><strong>Es d\u00fcrfen keine medizinischen Produkte gekauft, konsumiert oder verwendet werden, es sei denn, dies wird von einem zugelassenen Arzt \/ Arzt \/ Arzt in Ihrer Gerichtsbarkeit empfohlen und ordnungsgem\u00e4\u00df verordnet.<\/strong><\/li>\n<li>Der Konsum und die Verwendung von Medizinprodukten d\u00fcrfen ausschlie\u00dflich unter der Beobachtung, Anleitung und Aufsicht eines registrierten Arztes erfolgen.<\/li>\n<li><strong>Sie sollten nichts auf der Website als Werbung oder Aufforderung f\u00fcr ein Produkt oder f\u00fcr die Verwendung eines Produkts verstehen, das nicht durch die Gesetze und Vorschriften des Landes, in dem Sie sich befinden, zugelassen ist.<\/strong><\/li>\n<li>Obwohl die Website im Allgemeinen weltweit bewertbar sein kann, wird jedoch ausdr\u00fccklich klargestellt, dass diese Website nicht auf bestimmte Personen, Personengruppen, Gemeinschaften, Rassen, Religionen oder Personen aus einer bestimmten Gerichtsbarkeit abzielen soll. Jegliche Bezugnahme auf eine Person, Gemeinschaft, Rasse, Religion, Personengruppe oder Gerichtsbarkeit auf der Website dient nur zu Referenz- und Illustrationszwecken.<\/li>\n<li>Diese Site kann Informationen zu weltweiten Produkten und Dienstleistungen enthalten, die nicht alle an jedem Ort verf\u00fcgbar sind. Ein Verweis auf ein Produkt oder eine Dienstleistung auf dieser Site bedeutet nicht, dass diese Produkte oder Dienstleistungen an Ihrem Standort verf\u00fcgbar sind oder verf\u00fcgbar sein werden. Jedes Produkt unterliegt unterschiedlichen beh\u00f6rdlichen Anforderungen und hat von Land zu Land einen unterschiedlichen Rechtsstatus. In einigen Gerichtsbarkeiten kann ein Teil des Produkts auch eingeschr\u00e4nkt sein.\u00a0<strong>Die Website lehnt ausdr\u00fccklich ab und warnt davor, dass ihr Inhalt streng\u00a0<u>nicht<\/u>\u00a0zur Verbreitung, Ver\u00f6ffentlichung oder Ansicht f\u00fcr Benutzer aus den Rechtsordnungen bestimmt, in denen eines der hier aufgef\u00fchrten Produkte eingeschr\u00e4nkt ist<\/strong>. Da es f\u00fcr die Website nicht m\u00f6glich ist, f\u00fcr jedes aufgef\u00fchrte Produkt l\u00e4nderspezifische Informationen bereitzustellen, liegt es in der Verantwortung des Benutzers, den rechtlichen Status, die beh\u00f6rdlichen Genehmigungen, die Freigabe und die zul\u00e4ssige Verwendung von jedes Produkt in ihrer jeweiligen Gerichtsbarkeit. F\u00fcr den Fall, dass eines der Produkte in Ihrer Gerichtsbarkeit eingeschr\u00e4nkt ist, d\u00fcrfen Sie die Inhalte dieser Website weder anzeigen noch durchsuchen und die Website sofort schlie\u00dfen.<\/li>\n<li>Links zu Websites Dritter k\u00f6nnen im Interesse oder zur Bequemlichkeit der Besucher dieser Website bereitgestellt werden. Die Nutzungsbedingungen und Datenschutzrichtlinien der Drittanbieter-Site k\u00f6nnen unterschiedlich sein. Die Website \u00fcbernimmt keine Haftung f\u00fcr Links von uns zu anderen, und insbesondere ist die Website nicht f\u00fcr die Richtigkeit oder Rechtm\u00e4\u00dfigkeit der Inhalte verantwortlich. Die Website \u00fcbernimmt keine Haftung, die sich aus einer Verletzung oder Unterlassung der Datenschutzrichtlinien Dritter ergibt.<\/li>\n<li>Diese Website dient nur zu Informationszwecken und zu nicht-kommerziellen Zwecken. Sie d\u00fcrfen diese Website nicht f\u00fcr andere Zwecke, einschlie\u00dflich kommerzieller Zwecke, verwenden. Sie d\u00fcrfen keine Informationen, Inhalte, Software, Produkte oder Dienstleistungen, die von der Site bezogen oder anderweitig mit ihr verbunden sind, \u00e4ndern, kopieren, verteilen, anzeigen, senden, ausf\u00fchren, reproduzieren, ver\u00f6ffentlichen, lizenzieren, abgeleitete Werke davon erstellen, \u00fcbertragen oder verkaufen.<\/li>\n<li>Die Website lehnt hiermit alle ausdr\u00fccklichen oder stillschweigenden Zusicherungen und Gew\u00e4hrleistungen ab, die gesetzlich, vertraglich oder anderweitig geschaffen wurden, einschlie\u00dflich, aber nicht beschr\u00e4nkt auf alle Gew\u00e4hrleistungen der Marktg\u00e4ngigkeit, Eignung f\u00fcr einen bestimmten Zweck, Titel oder Nichtverletzung. in keinem Fall haftet die Website f\u00fcr Sch\u00e4den jeglicher Art oder Art, einschlie\u00dflich, aber nicht beschr\u00e4nkt auf direkte, indirekte, besondere (einschlie\u00dflich entgangener Gewinn) Folgesch\u00e4den oder zuf\u00e4llige Sch\u00e4den, die sich aus oder im Zusammenhang mit der Existenz oder Nutzung dieser Website ergeben und \/oder die auf dieser Website ver\u00f6ffentlichten Informationen oder Inhalte, unabh\u00e4ngig davon, ob die Website auf die M\u00f6glichkeit solcher Sch\u00e4den hingewiesen wurde.<\/li>\n<\/ul>\n<\/div>","protected":false},"excerpt":{"rendered":"<p>Die Inhalte dieser Website dienen nur allgemeinen Informationszwecken und beabsichtigen auf keinen Fall, direkt oder indirekt eine Person zum Kauf, Konsum oder Gebrauch der auf der Website aufgef\u00fchrten Produkte aufzufordern, zu f\u00f6rdern, zu veranlassen, zu beeinflussen, zu beraten oder zu empfehlen Webseite. Diese Website kann Informationen zu verschiedenen gesundheitlichen und medizinischen Bedingungen enthalten [\u2026] <a class=\"g1-link g1-link-more\" href=\"https:\/\/anabolic-coach.com\/de\/haftungsausschluss\/\">Mehr<\/a><\/p>","protected":false},"author":3,"featured_media":0,"parent":0,"menu_order":0,"comment_status":"closed","ping_status":"closed","template":"g1-template-page-full.php","meta":{"footnotes":""},"class_list":["post-653","page","type-page","status-publish"],"yoast_head":"<!-- This site is optimized with the Yoast SEO plugin v25.0 - https:\/\/yoast.com\/wordpress\/plugins\/seo\/ -->\n<title>Disclaimer - Anabolic Coach<\/title>\n<meta name=\"robots\" content=\"noindex, nofollow\" \/>\n<meta property=\"og:locale\" content=\"de_DE\" \/>\n<meta property=\"og:type\" content=\"article\" \/>\n<meta property=\"og:title\" content=\"Disclaimer - Anabolic Coach\" \/>\n<meta property=\"og:description\" content=\"The Contents of this website, are only for general informative purpose, and by no means, it intend to directly or indirectly solicit, promote, induce, influence, counsel or recommend any person to purchase, consume or use any of the products listed on the website. This site may contain information related to various health and medical conditions [&hellip;] More\" \/>\n<meta property=\"og:url\" content=\"https:\/\/anabolic-coach.com\/de\/haftungsausschluss\/\" \/>\n<meta property=\"og:site_name\" content=\"Anabolic Coach\" \/>\n<meta property=\"article:modified_time\" content=\"2023-01-11T14:43:14+00:00\" \/>\n<meta name=\"twitter:card\" content=\"summary_large_image\" \/>\n<script type=\"application\/ld+json\" class=\"yoast-schema-graph\">{\"@context\":\"https:\/\/schema.org\",\"@graph\":[{\"@type\":\"WebPage\",\"@id\":\"https:\/\/anabolic-coach.com\/disclaimer\/\",\"url\":\"https:\/\/anabolic-coach.com\/disclaimer\/\",\"name\":\"Disclaimer - Anabolic Coach\",\"isPartOf\":{\"@id\":\"https:\/\/anabolic-coach.com\/#website\"},\"datePublished\":\"2018-08-30T04:49:18+00:00\",\"dateModified\":\"2023-01-11T14:43:14+00:00\",\"breadcrumb\":{\"@id\":\"https:\/\/anabolic-coach.com\/disclaimer\/#breadcrumb\"},\"inLanguage\":\"de\",\"potentialAction\":[{\"@type\":\"ReadAction\",\"target\":[\"https:\/\/anabolic-coach.com\/disclaimer\/\"]}]},{\"@type\":\"BreadcrumbList\",\"@id\":\"https:\/\/anabolic-coach.com\/disclaimer\/#breadcrumb\",\"itemListElement\":[{\"@type\":\"ListItem\",\"position\":1,\"name\":\"Home\",\"item\":\"https:\/\/anabolic-coach.com\/\"},{\"@type\":\"ListItem\",\"position\":2,\"name\":\"Disclaimer\"}]},{\"@type\":\"WebSite\",\"@id\":\"https:\/\/anabolic-coach.com\/#website\",\"url\":\"https:\/\/anabolic-coach.com\/\",\"name\":\"Anabolic Coach\",\"description\":\"Grow Stronger\",\"publisher\":{\"@id\":\"https:\/\/anabolic-coach.com\/#organization\"},\"potentialAction\":[{\"@type\":\"SearchAction\",\"target\":{\"@type\":\"EntryPoint\",\"urlTemplate\":\"https:\/\/anabolic-coach.com\/?s={search_term_string}\"},\"query-input\":{\"@type\":\"PropertyValueSpecification\",\"valueRequired\":true,\"valueName\":\"search_term_string\"}}],\"inLanguage\":\"de\"},{\"@type\":\"Organization\",\"@id\":\"https:\/\/anabolic-coach.com\/#organization\",\"name\":\"Anabolic Coach\",\"url\":\"https:\/\/anabolic-coach.com\/\",\"logo\":{\"@type\":\"ImageObject\",\"inLanguage\":\"de\",\"@id\":\"https:\/\/anabolic-coach.com\/#\/schema\/logo\/image\/\",\"url\":\"https:\/\/anabolic-coach.com\/wp-content\/uploads\/2021\/08\/logo-v1.png\",\"contentUrl\":\"https:\/\/anabolic-coach.com\/wp-content\/uploads\/2021\/08\/logo-v1.png\",\"width\":637,\"height\":138,\"caption\":\"Anabolic Coach\"},\"image\":{\"@id\":\"https:\/\/anabolic-coach.com\/#\/schema\/logo\/image\/\"}}]}<\/script>\n<!-- \/ Yoast SEO plugin. -->","yoast_head_json":{"title":"Disclaimer - Anabolic Coach","robots":{"index":"noindex","follow":"nofollow"},"og_locale":"de_DE","og_type":"article","og_title":"Disclaimer - Anabolic Coach","og_description":"The Contents of this website, are only for general informative purpose, and by no means, it intend to directly or indirectly solicit, promote, induce, influence, counsel or recommend any person to purchase, consume or use any of the products listed on the website. This site may contain information related to various health and medical conditions [&hellip;] More","og_url":"https:\/\/anabolic-coach.com\/de\/haftungsausschluss\/","og_site_name":"Anabolic Coach","article_modified_time":"2023-01-11T14:43:14+00:00","twitter_card":"summary_large_image","schema":{"@context":"https:\/\/schema.org","@graph":[{"@type":"WebPage","@id":"https:\/\/anabolic-coach.com\/disclaimer\/","url":"https:\/\/anabolic-coach.com\/disclaimer\/","name":"Disclaimer - Anabolic Coach","isPartOf":{"@id":"https:\/\/anabolic-coach.com\/#website"},"datePublished":"2018-08-30T04:49:18+00:00","dateModified":"2023-01-11T14:43:14+00:00","breadcrumb":{"@id":"https:\/\/anabolic-coach.com\/disclaimer\/#breadcrumb"},"inLanguage":"de","potentialAction":[{"@type":"ReadAction","target":["https:\/\/anabolic-coach.com\/disclaimer\/"]}]},{"@type":"BreadcrumbList","@id":"https:\/\/anabolic-coach.com\/disclaimer\/#breadcrumb","itemListElement":[{"@type":"ListItem","position":1,"name":"Home","item":"https:\/\/anabolic-coach.com\/"},{"@type":"ListItem","position":2,"name":"Disclaimer"}]},{"@type":"WebSite","@id":"https:\/\/anabolic-coach.com\/#website","url":"https:\/\/anabolic-coach.com\/","name":"Anabolic Coach","description":"Grow Stronger","publisher":{"@id":"https:\/\/anabolic-coach.com\/#organization"},"potentialAction":[{"@type":"SearchAction","target":{"@type":"EntryPoint","urlTemplate":"https:\/\/anabolic-coach.com\/?s={search_term_string}"},"query-input":{"@type":"PropertyValueSpecification","valueRequired":true,"valueName":"search_term_string"}}],"inLanguage":"de"},{"@type":"Organization","@id":"https:\/\/anabolic-coach.com\/#organization","name":"Anabolic Coach","url":"https:\/\/anabolic-coach.com\/","logo":{"@type":"ImageObject","inLanguage":"de","@id":"https:\/\/anabolic-coach.com\/#\/schema\/logo\/image\/","url":"https:\/\/anabolic-coach.com\/wp-content\/uploads\/2021\/08\/logo-v1.png","contentUrl":"https:\/\/anabolic-coach.com\/wp-content\/uploads\/2021\/08\/logo-v1.png","width":637,"height":138,"caption":"Anabolic Coach"},"image":{"@id":"https:\/\/anabolic-coach.com\/#\/schema\/logo\/image\/"}}]}},"_links":{"self":[{"href":"https:\/\/anabolic-coach.com\/de\/wp-json\/wp\/v2\/pages\/653","targetHints":{"allow":["GET"]}}],"collection":[{"href":"https:\/\/anabolic-coach.com\/de\/wp-json\/wp\/v2\/pages"}],"about":[{"href":"https:\/\/anabolic-coach.com\/de\/wp-json\/wp\/v2\/types\/page"}],"author":[{"embeddable":true,"href":"https:\/\/anabolic-coach.com\/de\/wp-json\/wp\/v2\/users\/3"}],"replies":[{"embeddable":true,"href":"https:\/\/anabolic-coach.com\/de\/wp-json\/wp\/v2\/comments?post=653"}],"version-history":[{"count":0,"href":"https:\/\/anabolic-coach.com\/de\/wp-json\/wp\/v2\/pages\/653\/revisions"}],"wp:attachment":[{"href":"https:\/\/anabolic-coach.com\/de\/wp-json\/wp\/v2\/media?parent=653"}],"curies":[{"name":"wp","href":"https:\/\/api.w.org\/{rel}","templated":true}]}}