{"id":653,"date":"2018-08-30T04:49:18","date_gmt":"2018-08-30T04:49:18","guid":{"rendered":"https:\/\/blog.myogenlabs.com\/?page_id=653"},"modified":"2023-01-11T14:43:14","modified_gmt":"2023-01-11T14:43:14","slug":"disclaimer","status":"publish","type":"page","link":"https:\/\/anabolic-coach.com\/da\/ansvarsfraskrivelse\/","title":{"rendered":"Ansvarsfraskrivelse"},"content":{"rendered":"<div class=\"banner-description\">\n<ul>\n<li>Indholdet p\u00e5 dette websted er kun til generelle informative form\u00e5l, og p\u00e5 ingen m\u00e5de har det til hensigt direkte eller indirekte at anmode om, fremme, fremkalde, p\u00e5virke, r\u00e5dgive eller anbefale nogen til at k\u00f8be, forbruge eller bruge nogen af de produkter, der er angivet p\u00e5 internet side.<\/li>\n<li>Dette websted kan indeholde oplysninger om forskellige sundhedsm\u00e6ssige og medicinske tilstande og deres behandling. S\u00e5danne oplysninger er af rent generel karakter og kun til informationsform\u00e5l.\u00a0<strong>Oplysningerne p\u00e5 webstedet m\u00e5 ikke erstatte eller opfattes som r\u00e5d fra en l\u00e6ge eller en l\u00e6ge. SKAL DU HA EN L\u00c6GEBETINGELSE, SE DITT EGEN L\u00c6GEMIDDEL ELLER SUNDHEDSLEVERAND\u00d8R.<\/strong><\/li>\n<li><strong>Du skal strengt og specifikt afst\u00e5 fra at tr\u00e6ffe eller gennemf\u00f8re eventuelle beslutninger baseret p\u00e5 de oplysninger og indhold, der findes p\u00e5 webstedet.<\/strong><\/li>\n<li>Produktinformation p\u00e5 dette websted er kun beregnet til generelle informationsform\u00e5l. Produktinformationen er ikke beregnet til at give komplette medicinske oplysninger om produktet. Du b\u00f8r altid indhente komplette medicinske oplysninger om produktet (herunder dets juridiske status, forskrifter, dets gavnlige medicinske anvendelser og mulige negative virkninger osv.) Direkte fra dine l\u00e6ger eller tilsynsmyndigheder.<\/li>\n<li><strong>Ingen medicinske produkter m\u00e5 k\u00f8bes, forbruges eller bruges, medmindre det er anbefalet og beh\u00f8rigt foreskrevet af en registreret l\u00e6ge \/ l\u00e6ge \/ l\u00e6ge fra din jurisdiktion.<\/strong><\/li>\n<li>Forbrug og brug af medicinske produkter m\u00e5 kun ske under observation, vejledning og tilsyn af en registreret l\u00e6ge.<\/li>\n<li><strong>Du b\u00f8r ikke fortolke noget p\u00e5 webstedet som en reklame eller opfordring til noget produkt eller til brug af et produkt, der ikke er godkendt af love og forskrifter i det land, du befinder dig i.<\/strong><\/li>\n<li>Selvom webstedet generelt kan vurderes globalt, er det dog specifikt pr\u00e6ciseret, at dette websted ikke er tilt\u00e6nkt nogen bestemt person, gruppe af personer, samfund, race, religioner eller personer fra en bestemt jurisdiktion. Enhver henvisning til enhver person, samfund, race, religion, persongruppe eller jurisdiktion p\u00e5 webstedet er kun til reference og illustration.<\/li>\n<li>Dette websted kan indeholde oplysninger om verdensomsp\u00e6ndende produkter og tjenester, som ikke alle er tilg\u00e6ngelige overalt. En henvisning til et produkt eller en service p\u00e5 dette websted betyder ikke, at et s\u00e5dant produkt eller en service er eller vil v\u00e6re tilg\u00e6ngelig i din lokation. Hvert produkt er underlagt forskellige lovkrav og har forskellig juridisk status, der varierer fra land til land. I en eller anden jurisdiktion kan nogle af produktet ogs\u00e5 v\u00e6re begr\u00e6nset.\u00a0<strong>Webstedet frasiger sig specifikt og advarer om, at dets indhold strengt er\u00a0<u>ikke<\/u>\u00a0beregnet til cirkulationer, offentligg\u00f8relse eller visning for brugerne fra de jurisdiktioner, hvor et af de produkter, der er anf\u00f8rt heri, er begr\u00e6nset<\/strong>. Da det ikke er muligt for webstedet at give hvert land specifikke oplysninger for hvert opf\u00f8rt produkt, er det brugerens ansvar at verificere og konstatere fra deres officielle reguleringsorganer, hvad ang\u00e5r juridisk status, lovgivningsm\u00e6ssige godkendelser, godkendelse, tilladt brug af hvert produkt i deres respektive jurisdiktion. Hvis et produkt er begr\u00e6nset i din jurisdiktion, skal du strengt afst\u00e5 fra at se eller gennemse indholdet p\u00e5 dette websted, og du skal lukke webstedet med det samme.<\/li>\n<li>Links til tredjepartswebsteder kan tilvejebringes af interesse eller bekvemmelighed for bes\u00f8gende p\u00e5 dette websted. Betingelserne for brug og fortrolighedspolitikken for tredjepartswebstedet kan v\u00e6re forskellige. Websitet p\u00e5tager sig intet ansvar for links fra os til andre, og is\u00e6r webstedet er ikke ansvarligt for n\u00f8jagtigheden eller lovligheden af indholdet heraf. Webstedet accepterer intet ansvar som f\u00f8lge af en overtr\u00e6delse eller undladelse i tredjeparts privatlivspolitikker.<\/li>\n<li>Dette websted er kun til information og ikke-kommerciel brug. Du m\u00e5 ikke bruge dette websted til andre form\u00e5l, herunder kommercielle form\u00e5l. Du m\u00e5 ikke \u00e6ndre, kopiere, distribuere, vise, sende, udf\u00f8re, reproducere, offentligg\u00f8re, licensere, oprette afledte v\u00e6rker fra, overf\u00f8re eller s\u00e6lge oplysninger, indhold, software, produkter eller tjenester, der er hentet fra eller p\u00e5 anden m\u00e5de er forbundet til webstedet.<\/li>\n<li>Webstedet fraskriver sig hermed alle erkl\u00e6ringer og garantier, uanset om de er udtrykkelige eller underforst\u00e5ede, skabt ved lov, kontrakt eller p\u00e5 anden m\u00e5de, herunder, uden begr\u00e6nsning, enhver garanti for salgbarhed, egnethed til et bestemt form\u00e5l, ejendomsret eller ikke-kr\u00e6nkelse. under ingen omst\u00e6ndigheder er webstedet ansvarligt for nogen form for skader af nogen art eller art, herunder, uden begr\u00e6nsning, direkte, indirekte, s\u00e6rlige (herunder tab af fortjeneste) f\u00f8lgeskader eller tilf\u00e6ldige skader, der opst\u00e5r som f\u00f8lge af eller i forbindelse med eksistensen eller brugen af dette websted og \/eller de oplysninger eller indhold, der er lagt ud p\u00e5 dette websted, uanset om webstedet er blevet informeret om muligheden for s\u00e5danne skader.<\/li>\n<\/ul>\n<\/div>","protected":false},"excerpt":{"rendered":"<p>Indholdet p\u00e5 denne hjemmeside er kun til generel informativt form\u00e5l, og den har p\u00e5 ingen m\u00e5de til hensigt at direkte eller indirekte anmode om, promovere, inducere, p\u00e5virke, r\u00e5dgive eller anbefale nogen person at k\u00f8be, forbruge eller bruge nogen af de produkter, der er anf\u00f8rt p\u00e5 internet side. Dette websted kan indeholde oplysninger relateret til forskellige helbreds- og medicinske tilstande [\u2026] <a class=\"g1-link g1-link-more\" href=\"https:\/\/anabolic-coach.com\/da\/ansvarsfraskrivelse\/\">Mere<\/a><\/p>","protected":false},"author":3,"featured_media":0,"parent":0,"menu_order":0,"comment_status":"closed","ping_status":"closed","template":"g1-template-page-full.php","meta":{"footnotes":""},"class_list":["post-653","page","type-page","status-publish"],"yoast_head":"<!-- This site is optimized with the Yoast SEO plugin v25.0 - https:\/\/yoast.com\/wordpress\/plugins\/seo\/ -->\n<title>Disclaimer - Anabolic Coach<\/title>\n<meta name=\"robots\" content=\"noindex, nofollow\" \/>\n<meta property=\"og:locale\" content=\"da_DK\" \/>\n<meta property=\"og:type\" content=\"article\" \/>\n<meta property=\"og:title\" content=\"Disclaimer - Anabolic Coach\" \/>\n<meta property=\"og:description\" content=\"The Contents of this website, are only for general informative purpose, and by no means, it intend to directly or indirectly solicit, promote, induce, influence, counsel or recommend any person to purchase, consume or use any of the products listed on the website. This site may contain information related to various health and medical conditions [&hellip;] More\" \/>\n<meta property=\"og:url\" content=\"https:\/\/anabolic-coach.com\/da\/ansvarsfraskrivelse\/\" \/>\n<meta property=\"og:site_name\" content=\"Anabolic Coach\" \/>\n<meta property=\"article:modified_time\" content=\"2023-01-11T14:43:14+00:00\" \/>\n<meta name=\"twitter:card\" content=\"summary_large_image\" \/>\n<script type=\"application\/ld+json\" class=\"yoast-schema-graph\">{\"@context\":\"https:\/\/schema.org\",\"@graph\":[{\"@type\":\"WebPage\",\"@id\":\"https:\/\/anabolic-coach.com\/disclaimer\/\",\"url\":\"https:\/\/anabolic-coach.com\/disclaimer\/\",\"name\":\"Disclaimer - Anabolic Coach\",\"isPartOf\":{\"@id\":\"https:\/\/anabolic-coach.com\/#website\"},\"datePublished\":\"2018-08-30T04:49:18+00:00\",\"dateModified\":\"2023-01-11T14:43:14+00:00\",\"breadcrumb\":{\"@id\":\"https:\/\/anabolic-coach.com\/disclaimer\/#breadcrumb\"},\"inLanguage\":\"da-DK\",\"potentialAction\":[{\"@type\":\"ReadAction\",\"target\":[\"https:\/\/anabolic-coach.com\/disclaimer\/\"]}]},{\"@type\":\"BreadcrumbList\",\"@id\":\"https:\/\/anabolic-coach.com\/disclaimer\/#breadcrumb\",\"itemListElement\":[{\"@type\":\"ListItem\",\"position\":1,\"name\":\"Home\",\"item\":\"https:\/\/anabolic-coach.com\/\"},{\"@type\":\"ListItem\",\"position\":2,\"name\":\"Disclaimer\"}]},{\"@type\":\"WebSite\",\"@id\":\"https:\/\/anabolic-coach.com\/#website\",\"url\":\"https:\/\/anabolic-coach.com\/\",\"name\":\"Anabolic Coach\",\"description\":\"Grow Stronger\",\"publisher\":{\"@id\":\"https:\/\/anabolic-coach.com\/#organization\"},\"potentialAction\":[{\"@type\":\"SearchAction\",\"target\":{\"@type\":\"EntryPoint\",\"urlTemplate\":\"https:\/\/anabolic-coach.com\/?s={search_term_string}\"},\"query-input\":{\"@type\":\"PropertyValueSpecification\",\"valueRequired\":true,\"valueName\":\"search_term_string\"}}],\"inLanguage\":\"da-DK\"},{\"@type\":\"Organization\",\"@id\":\"https:\/\/anabolic-coach.com\/#organization\",\"name\":\"Anabolic Coach\",\"url\":\"https:\/\/anabolic-coach.com\/\",\"logo\":{\"@type\":\"ImageObject\",\"inLanguage\":\"da-DK\",\"@id\":\"https:\/\/anabolic-coach.com\/#\/schema\/logo\/image\/\",\"url\":\"https:\/\/anabolic-coach.com\/wp-content\/uploads\/2021\/08\/logo-v1.png\",\"contentUrl\":\"https:\/\/anabolic-coach.com\/wp-content\/uploads\/2021\/08\/logo-v1.png\",\"width\":637,\"height\":138,\"caption\":\"Anabolic Coach\"},\"image\":{\"@id\":\"https:\/\/anabolic-coach.com\/#\/schema\/logo\/image\/\"}}]}<\/script>\n<!-- \/ Yoast SEO plugin. -->","yoast_head_json":{"title":"Disclaimer - Anabolic Coach","robots":{"index":"noindex","follow":"nofollow"},"og_locale":"da_DK","og_type":"article","og_title":"Disclaimer - Anabolic Coach","og_description":"The Contents of this website, are only for general informative purpose, and by no means, it intend to directly or indirectly solicit, promote, induce, influence, counsel or recommend any person to purchase, consume or use any of the products listed on the website. This site may contain information related to various health and medical conditions [&hellip;] More","og_url":"https:\/\/anabolic-coach.com\/da\/ansvarsfraskrivelse\/","og_site_name":"Anabolic Coach","article_modified_time":"2023-01-11T14:43:14+00:00","twitter_card":"summary_large_image","schema":{"@context":"https:\/\/schema.org","@graph":[{"@type":"WebPage","@id":"https:\/\/anabolic-coach.com\/disclaimer\/","url":"https:\/\/anabolic-coach.com\/disclaimer\/","name":"Disclaimer - Anabolic Coach","isPartOf":{"@id":"https:\/\/anabolic-coach.com\/#website"},"datePublished":"2018-08-30T04:49:18+00:00","dateModified":"2023-01-11T14:43:14+00:00","breadcrumb":{"@id":"https:\/\/anabolic-coach.com\/disclaimer\/#breadcrumb"},"inLanguage":"da-DK","potentialAction":[{"@type":"ReadAction","target":["https:\/\/anabolic-coach.com\/disclaimer\/"]}]},{"@type":"BreadcrumbList","@id":"https:\/\/anabolic-coach.com\/disclaimer\/#breadcrumb","itemListElement":[{"@type":"ListItem","position":1,"name":"Home","item":"https:\/\/anabolic-coach.com\/"},{"@type":"ListItem","position":2,"name":"Disclaimer"}]},{"@type":"WebSite","@id":"https:\/\/anabolic-coach.com\/#website","url":"https:\/\/anabolic-coach.com\/","name":"Anabolic Coach","description":"Grow Stronger","publisher":{"@id":"https:\/\/anabolic-coach.com\/#organization"},"potentialAction":[{"@type":"SearchAction","target":{"@type":"EntryPoint","urlTemplate":"https:\/\/anabolic-coach.com\/?s={search_term_string}"},"query-input":{"@type":"PropertyValueSpecification","valueRequired":true,"valueName":"search_term_string"}}],"inLanguage":"da-DK"},{"@type":"Organization","@id":"https:\/\/anabolic-coach.com\/#organization","name":"Anabolic Coach","url":"https:\/\/anabolic-coach.com\/","logo":{"@type":"ImageObject","inLanguage":"da-DK","@id":"https:\/\/anabolic-coach.com\/#\/schema\/logo\/image\/","url":"https:\/\/anabolic-coach.com\/wp-content\/uploads\/2021\/08\/logo-v1.png","contentUrl":"https:\/\/anabolic-coach.com\/wp-content\/uploads\/2021\/08\/logo-v1.png","width":637,"height":138,"caption":"Anabolic Coach"},"image":{"@id":"https:\/\/anabolic-coach.com\/#\/schema\/logo\/image\/"}}]}},"_links":{"self":[{"href":"https:\/\/anabolic-coach.com\/da\/wp-json\/wp\/v2\/pages\/653","targetHints":{"allow":["GET"]}}],"collection":[{"href":"https:\/\/anabolic-coach.com\/da\/wp-json\/wp\/v2\/pages"}],"about":[{"href":"https:\/\/anabolic-coach.com\/da\/wp-json\/wp\/v2\/types\/page"}],"author":[{"embeddable":true,"href":"https:\/\/anabolic-coach.com\/da\/wp-json\/wp\/v2\/users\/3"}],"replies":[{"embeddable":true,"href":"https:\/\/anabolic-coach.com\/da\/wp-json\/wp\/v2\/comments?post=653"}],"version-history":[{"count":0,"href":"https:\/\/anabolic-coach.com\/da\/wp-json\/wp\/v2\/pages\/653\/revisions"}],"wp:attachment":[{"href":"https:\/\/anabolic-coach.com\/da\/wp-json\/wp\/v2\/media?parent=653"}],"curies":[{"name":"wp","href":"https:\/\/api.w.org\/{rel}","templated":true}]}}