{"id":653,"date":"2018-08-30T04:49:18","date_gmt":"2018-08-30T04:49:18","guid":{"rendered":"https:\/\/blog.myogenlabs.com\/?page_id=653"},"modified":"2023-01-11T14:43:14","modified_gmt":"2023-01-11T14:43:14","slug":"disclaimer","status":"publish","type":"page","link":"https:\/\/anabolic-coach.com\/cs\/odmitnuti-odpovednosti\/","title":{"rendered":"Prohl\u00e1\u0161en\u00ed"},"content":{"rendered":"<div class=\"banner-description\">\n<ul>\n<li>Obsah t\u011bchto webov\u00fdch str\u00e1nek m\u00e1 pouze informativn\u00ed charakter a v \u017e\u00e1dn\u00e9m p\u0159\u00edpad\u011b nem\u00e1 v \u00famyslu p\u0159\u00edmo nebo nep\u0159\u00edmo \u017e\u00e1dat, propagovat, nav\u00e1d\u011bt, ovliv\u0148ovat, radit nebo doporu\u010dovat jak\u00e9koli osob\u011b, aby si koupila, konzumovala nebo pou\u017e\u00edvala jak\u00fdkoli z produkt\u016f uveden\u00fdch na webov\u00e1 str\u00e1nka.<\/li>\n<li>Tato str\u00e1nka m\u016f\u017ee obsahovat informace t\u00fdkaj\u00edc\u00ed se r\u016fzn\u00fdch zdravotn\u00edch a zdravotn\u00edch stav\u016f a jejich l\u00e9\u010dby. Tyto informace maj\u00ed \u010dist\u011b obecn\u00fd charakter a slou\u017e\u00ed pouze pro informa\u010dn\u00ed \u00fa\u010dely.\u00a0<strong>Informace poskytnut\u00e9 na t\u011bchto str\u00e1nk\u00e1ch nesm\u011bj\u00ed b\u00fdt nahrazeny ani vykl\u00e1d\u00e1ny jako rady poskytnut\u00e9 l\u00e9ka\u0159em nebo praktick\u00fdm l\u00e9ka\u0159em. M\u011aLI BYSTE M\u00cdT ZDRAVOTN\u00cd PODM\u00cdNKY, OKAM\u017dIT\u011a SE SV\u00c9HO VLASTN\u00cdHO L\u00c9KA\u0158E NEBO POSKYTOVATELE ZDRAVOTN\u00cd P\u00c9\u010cE.<\/strong><\/li>\n<li><strong>Budete striktn\u011b a konkr\u00e9tn\u011b upustit od vytv\u00e1\u0159en\u00ed nebo prov\u00e1d\u011bn\u00ed jak\u00fdchkoli rozhodnut\u00ed na z\u00e1klad\u011b informac\u00ed a obsahu poskytovan\u00fdch na t\u011bchto str\u00e1nk\u00e1ch.<\/strong><\/li>\n<li>Informace o produktu na tomto webu jsou ur\u010deny pouze pro obecn\u00e9 informa\u010dn\u00ed \u00fa\u010dely. Informace o produktu nejsou ur\u010deny k poskytnut\u00ed \u00fapln\u00fdch l\u00e9ka\u0159sk\u00fdch informac\u00ed o produktu. V\u017edy byste m\u011bli z\u00edskat \u00fapln\u00e9 l\u00e9ka\u0159sk\u00e9 informace o produktu (v\u010detn\u011b jeho pr\u00e1vn\u00edho stavu, p\u0159edpis\u016f, prosp\u011b\u0161n\u00fdch l\u00e9ka\u0159sk\u00fdch pou\u017eit\u00ed a mo\u017en\u00fdch ne\u017e\u00e1douc\u00edch \u00fa\u010dink\u016f atd.) P\u0159\u00edmo od va\u0161ich l\u00e9ka\u0159\u016f nebo regula\u010dn\u00edch \u00fa\u0159ad\u016f.<\/li>\n<li><strong>\u017d\u00e1dn\u00e9 l\u00e9ka\u0159sk\u00e9 v\u00fdrobky nesm\u00ed b\u00fdt nakupov\u00e1ny, konzumov\u00e1ny ani pou\u017e\u00edv\u00e1ny, pokud to nen\u00ed doporu\u010deno a \u0159\u00e1dn\u011b p\u0159edeps\u00e1no registrovan\u00fdm l\u00e9ka\u0159em \/ l\u00e9ka\u0159em \/ l\u00e9ka\u0159em z va\u0161\u00ed jurisdikce.<\/strong><\/li>\n<li>Konzumaci a pou\u017e\u00edv\u00e1n\u00ed jak\u00fdchkoli zdravotnick\u00fdch produkt\u016f je nutno prov\u00e1d\u011bt v\u00fdhradn\u011b pod dohledem, veden\u00edm a dohledem pouze registrovan\u00e9ho praktick\u00e9ho l\u00e9ka\u0159e.<\/li>\n<li><strong>Na t\u011bchto str\u00e1nk\u00e1ch byste nem\u011bli nic vykl\u00e1dat jako propagaci nebo obt\u011b\u017eov\u00e1n\u00ed jak\u00e9hokoli produktu nebo pou\u017e\u00edv\u00e1n\u00ed jak\u00e9hokoli produktu, kter\u00fd nen\u00ed povolen z\u00e1kony a p\u0159edpisy zem\u011b, ve kter\u00e9 se nach\u00e1z\u00edte.<\/strong><\/li>\n<li>P\u0159esto\u017ee mohou b\u00fdt webov\u00e9 str\u00e1nky obecn\u011b hodnotiteln\u00e9 po cel\u00e9m sv\u011bt\u011b, je konkr\u00e9tn\u011b objasn\u011bno, \u017ee tyto webov\u00e9 str\u00e1nky nejsou ur\u010deny k tomu, aby c\u00edlily na konkr\u00e9tn\u00ed osobu, skupinu osob, komunitu, rasu, n\u00e1bo\u017eenstv\u00ed nebo osoby z jak\u00e9koli konkr\u00e9tn\u00ed jurisdikce. Jak\u00fdkoli odkaz na jakoukoli osobu, komunitu, rasu, n\u00e1bo\u017eenstv\u00ed, skupinu osob nebo jurisdikci na webov\u00fdch str\u00e1nk\u00e1ch slou\u017e\u00ed pouze pro referen\u010dn\u00ed a ilustra\u010dn\u00ed \u00fa\u010dely.<\/li>\n<li>Tento web m\u016f\u017ee obsahovat informace o celosv\u011btov\u00fdch produktech a slu\u017eb\u00e1ch, ne v\u0161echny jsou dostupn\u00e9 na ka\u017ed\u00e9m m\u00edst\u011b. Odkaz na produkt nebo slu\u017ebu na tomto webu neznamen\u00e1, \u017ee takov\u00fd produkt nebo slu\u017eba je nebo bude k dispozici ve va\u0161\u00ed oblasti. Na ka\u017ed\u00fd produkt se vztahuj\u00ed jin\u00e9 regula\u010dn\u00ed po\u017eadavky a v r\u016fzn\u00fdch zem\u00edch se li\u0161\u00ed pr\u00e1vn\u00edm statusem. V n\u011bkter\u00fdch jurisdikc\u00edch mohou b\u00fdt n\u011bkter\u00e9 produkty tak\u00e9 omezeny.\u00a0<strong>Web v\u00fdslovn\u011b odm\u00edt\u00e1 a upozor\u0148uje, \u017ee jeho obsah je p\u0159\u00edsn\u00fd\u00a0<u>ne<\/u>\u00a0ur\u010den\u00e9 k ob\u011bhu, publikov\u00e1n\u00ed nebo prohl\u00ed\u017een\u00ed pro u\u017eivatele z jurisdikc\u00ed, kde je jak\u00fdkoli z produkt\u016f zde uveden\u00fdch omezen<\/strong>. Jeliko\u017e nen\u00ed mo\u017en\u00e9, aby webov\u00e9 str\u00e1nky poskytovaly specifick\u00e9 informace o jednotliv\u00fdch zem\u00edch pro ka\u017ed\u00fd uveden\u00fd produkt, je odpov\u011bdnost\u00ed u\u017eivatele ov\u011b\u0159it a zjistit u sv\u00fdch ofici\u00e1ln\u00edch regula\u010dn\u00edch org\u00e1n\u016f, pokud jde o pr\u00e1vn\u00ed status, schv\u00e1len\u00ed regula\u010dn\u00edch org\u00e1n\u016f, povolen\u00ed, povolen\u00e9 pou\u017eit\u00ed ka\u017ed\u00fd produkt v jejich p\u0159\u00edslu\u0161n\u00e9 jurisdikci. V p\u0159\u00edpad\u011b, \u017ee je n\u011bjak\u00fd produkt ve va\u0161\u00ed jurisdikci omezen, striktn\u011b se zdr\u017e\u00edte prohl\u00ed\u017een\u00ed nebo proch\u00e1zen\u00ed obsahu t\u011bchto webov\u00fdch str\u00e1nek a webov\u00e9 str\u00e1nky okam\u017eit\u011b zav\u0159ete.<\/li>\n<li>Pro zaj\u00edmavost nebo pohodl\u00ed n\u00e1v\u0161t\u011bvn\u00edk\u016f t\u011bchto str\u00e1nek mohou b\u00fdt poskytov\u00e1ny odkazy na weby t\u0159et\u00edch stran. Podm\u00ednky pou\u017e\u00edv\u00e1n\u00ed a z\u00e1sady ochrany osobn\u00edch \u00fadaj\u016f str\u00e1nek t\u0159et\u00edch stran se mohou li\u0161it. Web nep\u0159ij\u00edm\u00e1 \u017e\u00e1dnou odpov\u011bdnost za odkazy od n\u00e1s na jin\u00e9, a zejm\u00e9na webov\u00e9 str\u00e1nky neodpov\u00eddaj\u00ed za p\u0159esnost ani z\u00e1konnost jejich obsahu. Web nep\u0159ij\u00edm\u00e1 \u017e\u00e1dnou odpov\u011bdnost vypl\u00fdvaj\u00edc\u00ed z poru\u0161en\u00ed nebo opomenut\u00ed z\u00e1sad ochrany osobn\u00edch \u00fadaj\u016f t\u0159et\u00edch stran.<\/li>\n<li>Tento web slou\u017e\u00ed pouze pro informaci a nekomer\u010dn\u00ed pou\u017eit\u00ed. Tento web nesm\u00edte pou\u017e\u00edvat k \u017e\u00e1dn\u00e9mu jin\u00e9mu \u00fa\u010delu, v\u010detn\u011b komer\u010dn\u00edch. Nesm\u00edte upravovat, kop\u00edrovat, distribuovat, zobrazovat, odes\u00edlat, prov\u00e1d\u011bt, reprodukovat, publikovat, licencovat, vytv\u00e1\u0159et odvozen\u00e1 d\u00edla z, p\u0159en\u00e1\u0161et nebo prod\u00e1vat jak\u00e9koli informace, obsah, software, produkty nebo slu\u017eby z\u00edskan\u00e9 ze str\u00e1nek nebo s nimi jinak spojen\u00e9.<\/li>\n<li>Web se t\u00edmto z\u0159\u00edk\u00e1 ve\u0161ker\u00fdch prohl\u00e1\u0161en\u00ed a z\u00e1ruk, a\u0165 u\u017e v\u00fdslovn\u00fdch nebo implikovan\u00fdch, vytvo\u0159en\u00fdch z\u00e1konem, smlouvou nebo jin\u00fdm zp\u016fsobem, v\u010detn\u011b, bez omezen\u00ed, jak\u00fdchkoli z\u00e1ruk obchodovatelnosti, vhodnosti pro konkr\u00e9tn\u00ed \u00fa\u010del, titulu nebo neporu\u0161en\u00ed. webov\u00e9 str\u00e1nky v \u017e\u00e1dn\u00e9m p\u0159\u00edpad\u011b nenesou odpov\u011bdnost za jak\u00e9koli \u0161kody jak\u00e9hokoli druhu nebo povahy, v\u010detn\u011b, mimo jin\u00e9, p\u0159\u00edm\u00fdch, nep\u0159\u00edm\u00fdch, zvl\u00e1\u0161tn\u00edch (v\u010detn\u011b u\u0161l\u00e9ho zisku) n\u00e1sledn\u00fdch nebo n\u00e1hodn\u00fdch \u0161kod vypl\u00fdvaj\u00edc\u00edch z nebo v souvislosti s existenc\u00ed nebo pou\u017e\u00edv\u00e1n\u00edm t\u011bchto str\u00e1nek a \/nebo informace nebo obsah zve\u0159ejn\u011bn\u00fd na t\u011bchto webov\u00fdch str\u00e1nk\u00e1ch, bez ohledu na to, zda byl web upozorn\u011bn na mo\u017enost takov\u00fdch \u0161kod.<\/li>\n<\/ul>\n<\/div>","protected":false},"excerpt":{"rendered":"<p>Obsah t\u00e9to webov\u00e9 str\u00e1nky je pouze pro obecn\u00e9 informativn\u00ed \u00fa\u010dely a v \u017e\u00e1dn\u00e9m p\u0159\u00edpad\u011b nem\u00e1 v \u00famyslu p\u0159\u00edmo ani nep\u0159\u00edmo vy\u017eadovat, propagovat, podn\u011bcovat, ovliv\u0148ovat, radit nebo doporu\u010dovat jakoukoli osobu ke koupi, konzumaci nebo pou\u017e\u00edv\u00e1n\u00ed jak\u00e9hokoli z produkt\u016f uveden\u00fdch na webov\u00e1 str\u00e1nka. Tato str\u00e1nka m\u016f\u017ee obsahovat informace t\u00fdkaj\u00edc\u00ed se r\u016fzn\u00fdch zdravotn\u00edch a zdravotn\u00edch pot\u00ed\u017e\u00ed [\u2026] <a class=\"g1-link g1-link-more\" href=\"https:\/\/anabolic-coach.com\/cs\/odmitnuti-odpovednosti\/\">V\u00edce<\/a><\/p>","protected":false},"author":3,"featured_media":0,"parent":0,"menu_order":0,"comment_status":"closed","ping_status":"closed","template":"g1-template-page-full.php","meta":{"footnotes":""},"class_list":["post-653","page","type-page","status-publish"],"yoast_head":"<!-- This site is optimized with the Yoast SEO plugin v25.0 - https:\/\/yoast.com\/wordpress\/plugins\/seo\/ -->\n<title>Disclaimer - Anabolic Coach<\/title>\n<meta name=\"robots\" content=\"noindex, nofollow\" \/>\n<meta property=\"og:locale\" content=\"cs_CZ\" \/>\n<meta property=\"og:type\" content=\"article\" \/>\n<meta property=\"og:title\" content=\"Disclaimer - Anabolic Coach\" \/>\n<meta property=\"og:description\" content=\"The Contents of this website, are only for general informative purpose, and by no means, it intend to directly or indirectly solicit, promote, induce, influence, counsel or recommend any person to purchase, consume or use any of the products listed on the website. This site may contain information related to various health and medical conditions [&hellip;] More\" \/>\n<meta property=\"og:url\" content=\"https:\/\/anabolic-coach.com\/cs\/odmitnuti-odpovednosti\/\" \/>\n<meta property=\"og:site_name\" content=\"Anabolic Coach\" \/>\n<meta property=\"article:modified_time\" content=\"2023-01-11T14:43:14+00:00\" \/>\n<meta name=\"twitter:card\" content=\"summary_large_image\" \/>\n<script type=\"application\/ld+json\" class=\"yoast-schema-graph\">{\"@context\":\"https:\/\/schema.org\",\"@graph\":[{\"@type\":\"WebPage\",\"@id\":\"https:\/\/anabolic-coach.com\/disclaimer\/\",\"url\":\"https:\/\/anabolic-coach.com\/disclaimer\/\",\"name\":\"Disclaimer - Anabolic Coach\",\"isPartOf\":{\"@id\":\"https:\/\/anabolic-coach.com\/#website\"},\"datePublished\":\"2018-08-30T04:49:18+00:00\",\"dateModified\":\"2023-01-11T14:43:14+00:00\",\"breadcrumb\":{\"@id\":\"https:\/\/anabolic-coach.com\/disclaimer\/#breadcrumb\"},\"inLanguage\":\"cs\",\"potentialAction\":[{\"@type\":\"ReadAction\",\"target\":[\"https:\/\/anabolic-coach.com\/disclaimer\/\"]}]},{\"@type\":\"BreadcrumbList\",\"@id\":\"https:\/\/anabolic-coach.com\/disclaimer\/#breadcrumb\",\"itemListElement\":[{\"@type\":\"ListItem\",\"position\":1,\"name\":\"Home\",\"item\":\"https:\/\/anabolic-coach.com\/\"},{\"@type\":\"ListItem\",\"position\":2,\"name\":\"Disclaimer\"}]},{\"@type\":\"WebSite\",\"@id\":\"https:\/\/anabolic-coach.com\/#website\",\"url\":\"https:\/\/anabolic-coach.com\/\",\"name\":\"Anabolic Coach\",\"description\":\"Grow Stronger\",\"publisher\":{\"@id\":\"https:\/\/anabolic-coach.com\/#organization\"},\"potentialAction\":[{\"@type\":\"SearchAction\",\"target\":{\"@type\":\"EntryPoint\",\"urlTemplate\":\"https:\/\/anabolic-coach.com\/?s={search_term_string}\"},\"query-input\":{\"@type\":\"PropertyValueSpecification\",\"valueRequired\":true,\"valueName\":\"search_term_string\"}}],\"inLanguage\":\"cs\"},{\"@type\":\"Organization\",\"@id\":\"https:\/\/anabolic-coach.com\/#organization\",\"name\":\"Anabolic Coach\",\"url\":\"https:\/\/anabolic-coach.com\/\",\"logo\":{\"@type\":\"ImageObject\",\"inLanguage\":\"cs\",\"@id\":\"https:\/\/anabolic-coach.com\/#\/schema\/logo\/image\/\",\"url\":\"https:\/\/anabolic-coach.com\/wp-content\/uploads\/2021\/08\/logo-v1.png\",\"contentUrl\":\"https:\/\/anabolic-coach.com\/wp-content\/uploads\/2021\/08\/logo-v1.png\",\"width\":637,\"height\":138,\"caption\":\"Anabolic Coach\"},\"image\":{\"@id\":\"https:\/\/anabolic-coach.com\/#\/schema\/logo\/image\/\"}}]}<\/script>\n<!-- \/ Yoast SEO plugin. -->","yoast_head_json":{"title":"Disclaimer - Anabolic Coach","robots":{"index":"noindex","follow":"nofollow"},"og_locale":"cs_CZ","og_type":"article","og_title":"Disclaimer - Anabolic Coach","og_description":"The Contents of this website, are only for general informative purpose, and by no means, it intend to directly or indirectly solicit, promote, induce, influence, counsel or recommend any person to purchase, consume or use any of the products listed on the website. This site may contain information related to various health and medical conditions [&hellip;] More","og_url":"https:\/\/anabolic-coach.com\/cs\/odmitnuti-odpovednosti\/","og_site_name":"Anabolic Coach","article_modified_time":"2023-01-11T14:43:14+00:00","twitter_card":"summary_large_image","schema":{"@context":"https:\/\/schema.org","@graph":[{"@type":"WebPage","@id":"https:\/\/anabolic-coach.com\/disclaimer\/","url":"https:\/\/anabolic-coach.com\/disclaimer\/","name":"Disclaimer - Anabolic Coach","isPartOf":{"@id":"https:\/\/anabolic-coach.com\/#website"},"datePublished":"2018-08-30T04:49:18+00:00","dateModified":"2023-01-11T14:43:14+00:00","breadcrumb":{"@id":"https:\/\/anabolic-coach.com\/disclaimer\/#breadcrumb"},"inLanguage":"cs","potentialAction":[{"@type":"ReadAction","target":["https:\/\/anabolic-coach.com\/disclaimer\/"]}]},{"@type":"BreadcrumbList","@id":"https:\/\/anabolic-coach.com\/disclaimer\/#breadcrumb","itemListElement":[{"@type":"ListItem","position":1,"name":"Home","item":"https:\/\/anabolic-coach.com\/"},{"@type":"ListItem","position":2,"name":"Disclaimer"}]},{"@type":"WebSite","@id":"https:\/\/anabolic-coach.com\/#website","url":"https:\/\/anabolic-coach.com\/","name":"Anabolic Coach","description":"Grow Stronger","publisher":{"@id":"https:\/\/anabolic-coach.com\/#organization"},"potentialAction":[{"@type":"SearchAction","target":{"@type":"EntryPoint","urlTemplate":"https:\/\/anabolic-coach.com\/?s={search_term_string}"},"query-input":{"@type":"PropertyValueSpecification","valueRequired":true,"valueName":"search_term_string"}}],"inLanguage":"cs"},{"@type":"Organization","@id":"https:\/\/anabolic-coach.com\/#organization","name":"Anabolic Coach","url":"https:\/\/anabolic-coach.com\/","logo":{"@type":"ImageObject","inLanguage":"cs","@id":"https:\/\/anabolic-coach.com\/#\/schema\/logo\/image\/","url":"https:\/\/anabolic-coach.com\/wp-content\/uploads\/2021\/08\/logo-v1.png","contentUrl":"https:\/\/anabolic-coach.com\/wp-content\/uploads\/2021\/08\/logo-v1.png","width":637,"height":138,"caption":"Anabolic Coach"},"image":{"@id":"https:\/\/anabolic-coach.com\/#\/schema\/logo\/image\/"}}]}},"_links":{"self":[{"href":"https:\/\/anabolic-coach.com\/cs\/wp-json\/wp\/v2\/pages\/653","targetHints":{"allow":["GET"]}}],"collection":[{"href":"https:\/\/anabolic-coach.com\/cs\/wp-json\/wp\/v2\/pages"}],"about":[{"href":"https:\/\/anabolic-coach.com\/cs\/wp-json\/wp\/v2\/types\/page"}],"author":[{"embeddable":true,"href":"https:\/\/anabolic-coach.com\/cs\/wp-json\/wp\/v2\/users\/3"}],"replies":[{"embeddable":true,"href":"https:\/\/anabolic-coach.com\/cs\/wp-json\/wp\/v2\/comments?post=653"}],"version-history":[{"count":0,"href":"https:\/\/anabolic-coach.com\/cs\/wp-json\/wp\/v2\/pages\/653\/revisions"}],"wp:attachment":[{"href":"https:\/\/anabolic-coach.com\/cs\/wp-json\/wp\/v2\/media?parent=653"}],"curies":[{"name":"wp","href":"https:\/\/api.w.org\/{rel}","templated":true}]}}